{"id":1296,"date":"2018-10-23T22:04:11","date_gmt":"2018-10-23T20:04:11","guid":{"rendered":"https:\/\/online-eingabe.lva24.at\/?page_id=1296"},"modified":"2019-11-04T11:59:45","modified_gmt":"2019-11-04T10:59:45","slug":"mel","status":"publish","type":"page","link":"https:\/\/online-eingabe.lva24.at\/at\/mel\/","title":{"rendered":"Meinl"},"content":{"rendered":"[vc_row full_width=&#8221;stretch_row&#8221; remove_bottom_col_margin=&#8221;true&#8221; css=&#8221;.vc_custom_1540278976607{padding-top: 15px !important;padding-bottom: 15px !important;background-color: #ffffff !important;}&#8221;][vc_column][vc_single_image image=&#8221;1138&#8243; alignment=&#8221;center&#8221; onclick=&#8221;custom_link&#8221; link=&#8221;https:\/\/online-eingabe.lva24.at\/at\/#scroll&#8221;][\/vc_column][\/vc_row][vc_row full_width=&#8221;stretch_row&#8221; full_height=&#8221;yes&#8221; css=&#8221;.vc_custom_1540279019906{padding-top: 160px !important;padding-bottom: 160px !important;background-color: #40bfe5 !important;}&#8221;][vc_column]<h1 class=\"vcex-module vcex-heading vcex-heading-plain\" style=\"color:#ffffff;font-family:Raleway;font-size:54px;text-align:center;\"><span class=\"vcex-heading-inner clr\">MEL - Meinl European Land Ltd.<br \/>\nDurchsetzung von Anlegeranspr\u00fcchen<\/span><\/h1><div class=\"vcex-spacing\" style=\"height:60px\"><\/div><div class=\"textcenter theme-button-wrap clr\"><a href=\"#anmeldung\" title=\"Sammelverfahren GIS\" class=\"vcex-button theme-button outline white align-center inline hvr hvr-float-shadow\" style=\"padding-top:12px;padding-right:30px;padding-bottom:12px;padding-left:30px;font-size:24px;font-weight:400;letter-spacing:2px;border-radius:99px;text-transform:uppercase;\"><span class=\"theme-button-inner\"><span class=\"vcex-icon-wrap theme-button-icon-left\"><span class=\"fa fa-wpforms\"><\/span><\/span>Kostenfrei anmelden!<\/span><\/a><\/div> [\/vc_column][\/vc_row][vc_row css=&#8221;.vc_custom_1540279837926{padding-top: 60px !important;padding-bottom: 60px !important;}&#8221;][vc_column width=&#8221;1\/3&#8243;]<div class=\"vcex-module vcex-icon-box clr vcex-icon-box-two\"><div class=\"vcex-icon-box-icon\" style=\"color:#40bfe5;font-size:38px;\"><span class=\"fa fa-wpforms\" aria-hidden=\"true\"><\/span><\/div><div class=\"vcex-icon-box-heading\">Schritt 1<\/div><div class=\"vcex-icon-box-content clr\"><p>F\u00fcllen Sie das Formular zur MEL-Sammelklage aus und schlie\u00dfen Sie sich vielen Gleichgesinnten an!<\/p>\n<\/div><\/div>[\/vc_column][vc_column width=&#8221;1\/3&#8243;]<div class=\"vcex-module vcex-icon-box clr vcex-icon-box-two\"><div class=\"vcex-icon-box-icon\" style=\"color:#40bfe5;font-size:38px;\"><span class=\"fa fa-comments\" aria-hidden=\"true\"><\/span><\/div><div class=\"vcex-icon-box-heading\">Schritt 2<\/div><div class=\"vcex-icon-box-content clr\"><p>Wir sammeln alle Informationen zusammen und setzen in Ihrem Interesse mit unseren Vertragsanw\u00e4lten Ihre Anlegeranspr\u00fcche nach zuvor erfolgter Pr\u00fcfung durch.<\/p>\n<\/div><\/div>[\/vc_column][vc_column width=&#8221;1\/3&#8243;]<div class=\"vcex-module vcex-icon-box clr vcex-icon-box-two\"><div class=\"vcex-icon-box-icon\" style=\"color:#40bfe5;font-size:38px;\"><span class=\"fa fa-bullhorn\" aria-hidden=\"true\"><\/span><\/div><div class=\"vcex-icon-box-heading\">Schritt 3<\/div><div class=\"vcex-icon-box-content clr\"><p>Wir informieren Sie, sobald die Klage gewonnen wurde. Auch im Falle einer negativen Entscheidung (Ablehnung, Prozessverlust) informieren wir Sie.<\/p>\n<\/div><\/div>[\/vc_column][\/vc_row][vc_row full_width=&#8221;stretch_row_content&#8221; equal_height=&#8221;yes&#8221;][vc_column width=&#8221;1\/2&#8243; css=&#8221;.vc_custom_1540279665515{margin-bottom: 0px !important;background-color: #40bfe5 !important;}&#8221;][vc_row_inner][vc_column_inner width=&#8221;1\/6&#8243;][\/vc_column_inner][vc_column_inner width=&#8221;2\/3&#8243;]<div class=\"vcex-spacing\" style=\"height:30px\"><\/div><h2 class=\"vcex-module vcex-heading vcex-heading-plain\" style=\"color:#ffffff;font-size:32px;text-align:center;\"><span class=\"vcex-heading-inner clr\">SAMMELKLAGE \u201eCAUSA MEINL\u201c<\/span><\/h2><h3 class=\"vcex-module vcex-heading vcex-heading-plain\" style=\"color:#ffffff;font-size:24px;text-align:center;\"><span class=\"vcex-heading-inner clr\">Chancen f\u00fcr Meinl Gesch\u00e4digte durch OLG Urteil<\/span><\/h3><div class=\"vcex-spacing\" style=\"height:30px\"><\/div>[vc_column_text css=&#8221;.vc_custom_1540316049255{margin-bottom: 5px !important;}&#8221; color=&#8221;#ffffff&#8221;]Bisher galten in vielen F\u00e4llen potentielle Meinl Anleger-Anspr\u00fcche bereits ab 2010 als verj\u00e4hrt.<\/p>\n<p>Zwar gab es auch schon in der Vergangenheit Urteile gegen die Meinl Bank AG, wonach unz\u00e4hlige Anleger durch mutma\u00dflich falschen Verlockungen letztlich sehr hohe Verluste hinnehmen mussten, allerdings war in all jenen F\u00e4llen, wo es sich nur um Dritt- oder Fremdbankf\u00e4lle handelte, lediglich von einer <strong>kurzen dreij\u00e4hrigen Verj\u00e4hrungsfrist <\/strong>auszugehen.<\/p>\n<p>Durch eine aufsehenerregende Entscheidung des Oberlandesgerichtes Wien (OLG Wien 133 R 109\/17b vom 21.3.2018) \u00a0d\u00fcrfte es gesch\u00e4digten Anlegern nunmehr m\u00f6glich sein, bis zu 30 Jahre lang (ab Kenntnis von Schaden und Sch\u00e4diger) erfolgreich gegen die Meinl Bank AG vor Gericht zu ziehen, und zwar auch in all jenen F\u00e4llen, wo <strong><u>kein direktes Vertragsverh\u00e4ltnis<\/u><\/strong> zwischen dem Kunden und der Meinl Bank AG besteht.<\/p>\n<p>In dieser Entscheidung hat das OLG Wien nunmehr durchklingen lassen, dass auch \u201eFremdbankf\u00e4lle\u201c einer <strong><u>drei\u00dfigj\u00e4hrigen<\/u><\/strong> Verj\u00e4hrungsfrist unterliegen k\u00f6nnen.<\/p>\n<p>Somit steht &#8211; unter im Detail zu pr\u00fcfenden Voraussetzungen &#8211; zwischen gesch\u00e4tzten 70.000 bis 100.000 Anlegern, die in Aktien der \u201eMeinl European Land\u201c investiert gewesen waren, diese \u201elange Verj\u00e4hrungsfrist\u201c hinsichtlich der Geltendmachung ihrer Anspr\u00fcche zur Verf\u00fcgung.<\/p>\n<p>Je nach Einzelfall und individueller Pr\u00fcfung k\u00f6nnen diese Anspr\u00fcche nicht nur gegen die Meinl Bank AG, sondern auch gegen das Unternehmen Atrium European Real Estate Ltd, vormals Meinl European Land Ltd, zustehen.<\/p>\n<p>Im Ergebnis besteht somit f\u00fcr den Anleger nicht nur bei sogenannten \u201eDirektk\u00e4ufen\u201c (= Kunde kaufte Wertpapiere direkt bei der Meinl Bank AG), sondern auch bei sogenannten \u201eDrittk\u00e4ufen\u201c (= Kunde kaufte Wertpapiere bei seiner Hausbank, oder \u00fcber einen dritten Finanzdienstleister) die M\u00f6glichkeit der drei\u00dfigj\u00e4hrigen Verj\u00e4hrungsfrist, wenn gewisse zus\u00e4tzlichen Voraussetzungen vorliegen.<\/p>\n<p>Gemeinsam mit unseren Vertragsanw\u00e4lten werden wir Ihre Anspr\u00fcche pr\u00fcfen und bei entsprechenden Erfolgschancen auch einklagen!<\/p>\n<p>Nur im Erfolgsfall kostet Sie unser erfolgreiches T\u00e4tigwerden 49% des tats\u00e4chlich erstrittenen und kostenbereinigten Erl\u00f6ses (\u201eResterl\u00f6s\u201c).<\/p>\n<p>&nbsp;<\/p>\n<p><strong><u>Welche F\u00e4lle k\u00f6nnen wir pr\u00fcfen:<\/u><\/strong><\/p>\n<ul>\n<li><u>Zeitraum:<\/u> Erwerbe von Aktien (sogenannten \u201eZertifikaten\u201c) der Meinl European Land im Zeitraum M\u00e4rz 2005 bis September 2007<\/li>\n<li><u>Vertragsprodukt<\/u>: \u201eImmobilienaktien\u201c, emittiert von der Meinl European Land Ltd.<\/li>\n<li><u>Vertragspartner:<\/u> Ihre Hausbank, die Meinl Bank AG, sowie jedes von der Meinl Bank AG verschiedene Kreditinstitut<\/li>\n<\/ul>\n[\/vc_column_text]<div class=\"vcex-spacing\" style=\"height:30px\"><\/div>[\/vc_column_inner][vc_column_inner width=&#8221;1\/6&#8243;][\/vc_column_inner][\/vc_row_inner][\/vc_column][vc_column parallax=&#8221;content-moving&#8221; parallax_image=&#8221;1227&#8243; width=&#8221;1\/2&#8243;][\/vc_column][\/vc_row][vc_row local_scroll_id=&#8221;anmeldung&#8221; el_id=&#8221;anmeldung&#8221; css=&#8221;.vc_custom_1540280440295{padding-top: 60px !important;background-color: rgba(68,191,230,0.05) !important;*background-color: rgb(68,191,230) !important;}&#8221;][vc_column width=&#8221;1\/6&#8243;][\/vc_column][vc_column width=&#8221;2\/3&#8243;]<h2 class=\"vcex-module vcex-heading vcex-heading-plain\" data-wpex-hover='{\"color\":\"#222955\"}' style=\"color:#44bfe6;font-size:32px;text-align:center;\"><span class=\"vcex-heading-inner clr\">Anmeldeformular<\/span><\/h2>[vc_column_text]\n<p style=\"text-align: center;\">Zur \u00dcberpr\u00fcfung, ob Anspr\u00fcche aus und\/oder im Zusammenhang mit der Veranlagung in den Wertpapieren der Meinl European Land Ltd. (MEL), nunmehr Atrium Real Estate Ltd. bestehen.<\/p>\n<p style=\"text-align: center;\"><strong>Wichtig: Der Kaufzeitpunkt des Einmalerlags MUSS zwischen 01.03.2005 und 01.09.2007 gewesen sein.<\/strong><\/p>\n[\/vc_column_text]<div class=\"vcex-spacing\" style=\"height:30px\"><\/div>[contact-form-7 id=&#8221;1299&#8243;]<div class=\"vcex-spacing\" style=\"height:30px\"><\/div>[\/vc_column][vc_column width=&#8221;1\/6&#8243;][\/vc_column][\/vc_row][vc_row full_width=&#8221;stretch_row_content_no_spaces&#8221; content_placement=&#8221;middle&#8221; css=&#8221;.vc_custom_1540280626045{padding-top: 30px !important;padding-bottom: 30px !important;background-color: #eeeeee !important;}&#8221;][vc_column][vc_column_text]\n<h3 style=\"text-align: center;\">LVA24 PROZESSFINANZIERUNG GMBH<\/h3>\n<p style=\"text-align: center;\"><a href=\"\/datenschutz\/\">Datenschutzbestimmung<\/a><\/p>\n[\/vc_column_text][\/vc_column][\/vc_row]\n","protected":false},"excerpt":{"rendered":"<p>[vc_row full_width=&#8221;stretch_row&#8221; remove_bottom_col_margin=&#8221;true&#8221; css=&#8221;.vc_custom_1540278976607{padding-top: 15px !important;padding-bottom: 15px !important;background-color: #ffffff !important;}&#8221;][vc_column][vc_single_image image=&#8221;1138&#8243; alignment=&#8221;center&#8221; onclick=&#8221;custom_link&#8221; link=&#8221;https:\/\/online-eingabe.lva24.at\/at\/#scroll&#8221;][\/vc_column][\/vc_row][vc_row full_width=&#8221;stretch_row&#8221; full_height=&#8221;yes&#8221; css=&#8221;.vc_custom_1540279019906{padding-top: 160px !important;padding-bottom: 160px !important;background-color: #40bfe5 !important;}&#8221;][vc_column][\/vc_column][\/vc_row][vc_row css=&#8221;.vc_custom_1540279837926{padding-top: 60px !important;padding-bottom: 60px !important;}&#8221;][vc_column width=&#8221;1\/3&#8243;][\/vc_column][vc_column width=&#8221;1\/3&#8243;][\/vc_column][vc_column width=&#8221;1\/3&#8243;][\/vc_column][\/vc_row][vc_row full_width=&#8221;stretch_row_content&#8221; equal_height=&#8221;yes&#8221;][vc_column width=&#8221;1\/2&#8243; css=&#8221;.vc_custom_1540279665515{margin-bottom: 0px !important;background-color: #40bfe5 !important;}&#8221;][vc_row_inner][vc_column_inner width=&#8221;1\/6&#8243;][\/vc_column_inner][vc_column_inner&hellip;<\/p>\n","protected":false},"author":17,"featured_media":0,"parent":0,"menu_order":0,"comment_status":"closed","ping_status":"closed","template":"","meta":{"footnotes":""},"class_list":["post-1296","page","type-page","status-publish","hentry","entry","no-media"],"yoast_head":"<!-- This site is optimized with the Yoast SEO plugin v27.4 - https:\/\/yoast.com\/product\/yoast-seo-wordpress\/ -->\n<title>Meinl - LVA24 Prozessfinanzierungs GmbH<\/title>\n<meta name=\"robots\" content=\"noindex, follow, max-snippet:-1, max-image-preview:large, max-video-preview:-1\" \/>\n<meta property=\"og:locale\" content=\"en_US\" \/>\n<meta property=\"og:type\" content=\"article\" \/>\n<meta property=\"og:title\" content=\"Meinl - LVA24 Prozessfinanzierungs GmbH\" \/>\n<meta property=\"og:description\" content=\"[vc_row full_width=&#8221;stretch_row&#8221; remove_bottom_col_margin=&#8221;true&#8221; css=&#8221;.vc_custom_1540278976607{padding-top: 15px !important;padding-bottom: 15px !important;background-color: #ffffff !important;}&#8221;][vc_column][vc_single_image image=&#8221;1138&#8243; alignment=&#8221;center&#8221; onclick=&#8221;custom_link&#8221; link=&#8221;https:\/\/online-eingabe.lva24.at\/at\/#scroll&#8221;][\/vc_column][\/vc_row][vc_row full_width=&#8221;stretch_row&#8221; full_height=&#8221;yes&#8221; css=&#8221;.vc_custom_1540279019906{padding-top: 160px !important;padding-bottom: 160px !important;background-color: #40bfe5 !important;}&#8221;][vc_column][\/vc_column][\/vc_row][vc_row css=&#8221;.vc_custom_1540279837926{padding-top: 60px !important;padding-bottom: 60px !important;}&#8221;][vc_column width=&#8221;1\/3&#8243;][\/vc_column][vc_column width=&#8221;1\/3&#8243;][\/vc_column][vc_column width=&#8221;1\/3&#8243;][\/vc_column][\/vc_row][vc_row full_width=&#8221;stretch_row_content&#8221; equal_height=&#8221;yes&#8221;][vc_column width=&#8221;1\/2&#8243; css=&#8221;.vc_custom_1540279665515{margin-bottom: 0px !important;background-color: #40bfe5 !important;}&#8221;][vc_row_inner][vc_column_inner width=&#8221;1\/6&#8243;][\/vc_column_inner][vc_column_inner&hellip;\" \/>\n<meta property=\"og:url\" content=\"https:\/\/online-eingabe.lva24.at\/at\/mel\/\" \/>\n<meta property=\"og:site_name\" content=\"LVA24 Prozessfinanzierungs GmbH\" \/>\n<meta property=\"article:modified_time\" content=\"2019-11-04T10:59:45+00:00\" \/>\n<meta name=\"twitter:card\" content=\"summary_large_image\" \/>\n<meta name=\"twitter:label1\" content=\"Est. reading time\" \/>\n\t<meta name=\"twitter:data1\" content=\"5 minutes\" \/>\n<script type=\"application\/ld+json\" class=\"yoast-schema-graph\">{\"@context\":\"https:\\\/\\\/schema.org\",\"@graph\":[{\"@type\":\"WebPage\",\"@id\":\"https:\\\/\\\/online-eingabe.lva24.at\\\/at\\\/mel\\\/\",\"url\":\"https:\\\/\\\/online-eingabe.lva24.at\\\/at\\\/mel\\\/\",\"name\":\"Meinl - LVA24 Prozessfinanzierungs GmbH\",\"isPartOf\":{\"@id\":\"https:\\\/\\\/online-eingabe.lva24.at\\\/at\\\/#website\"},\"datePublished\":\"2018-10-23T20:04:11+00:00\",\"dateModified\":\"2019-11-04T10:59:45+00:00\",\"breadcrumb\":{\"@id\":\"https:\\\/\\\/online-eingabe.lva24.at\\\/at\\\/mel\\\/#breadcrumb\"},\"inLanguage\":\"at-AT\",\"potentialAction\":[{\"@type\":\"ReadAction\",\"target\":[\"https:\\\/\\\/online-eingabe.lva24.at\\\/at\\\/mel\\\/\"]}]},{\"@type\":\"BreadcrumbList\",\"@id\":\"https:\\\/\\\/online-eingabe.lva24.at\\\/at\\\/mel\\\/#breadcrumb\",\"itemListElement\":[{\"@type\":\"ListItem\",\"position\":1,\"name\":\"Home\",\"item\":\"https:\\\/\\\/online-eingabe.lva24.at\\\/at\\\/\"},{\"@type\":\"ListItem\",\"position\":2,\"name\":\"Meinl\"}]},{\"@type\":\"WebSite\",\"@id\":\"https:\\\/\\\/online-eingabe.lva24.at\\\/at\\\/#website\",\"url\":\"https:\\\/\\\/online-eingabe.lva24.at\\\/at\\\/\",\"name\":\"LVA24 Prozessfinanzierungs GmbH\",\"description\":\"\",\"publisher\":{\"@id\":\"https:\\\/\\\/online-eingabe.lva24.at\\\/at\\\/#organization\"},\"potentialAction\":[{\"@type\":\"SearchAction\",\"target\":{\"@type\":\"EntryPoint\",\"urlTemplate\":\"https:\\\/\\\/online-eingabe.lva24.at\\\/at\\\/?s={search_term_string}\"},\"query-input\":{\"@type\":\"PropertyValueSpecification\",\"valueRequired\":true,\"valueName\":\"search_term_string\"}}],\"inLanguage\":\"at-AT\"},{\"@type\":\"Organization\",\"@id\":\"https:\\\/\\\/online-eingabe.lva24.at\\\/at\\\/#organization\",\"name\":\"LVA24 Prozessfinanzierungs GmbH\",\"url\":\"https:\\\/\\\/online-eingabe.lva24.at\\\/at\\\/\",\"logo\":{\"@type\":\"ImageObject\",\"inLanguage\":\"at-AT\",\"@id\":\"https:\\\/\\\/online-eingabe.lva24.at\\\/at\\\/#\\\/schema\\\/logo\\\/image\\\/\",\"url\":\"https:\\\/\\\/online-eingabe.lva24.at\\\/wp-content\\\/uploads\\\/2021\\\/08\\\/Lva24-logo.jpg\",\"contentUrl\":\"https:\\\/\\\/online-eingabe.lva24.at\\\/wp-content\\\/uploads\\\/2021\\\/08\\\/Lva24-logo.jpg\",\"width\":300,\"height\":205,\"caption\":\"LVA24 Prozessfinanzierungs GmbH\"},\"image\":{\"@id\":\"https:\\\/\\\/online-eingabe.lva24.at\\\/at\\\/#\\\/schema\\\/logo\\\/image\\\/\"}}]}<\/script>\n<!-- \/ Yoast SEO plugin. -->","yoast_head_json":{"title":"Meinl - LVA24 Prozessfinanzierungs GmbH","robots":{"index":"noindex","follow":"follow","max-snippet":"max-snippet:-1","max-image-preview":"max-image-preview:large","max-video-preview":"max-video-preview:-1"},"og_locale":"en_US","og_type":"article","og_title":"Meinl - LVA24 Prozessfinanzierungs GmbH","og_description":"[vc_row full_width=&#8221;stretch_row&#8221; remove_bottom_col_margin=&#8221;true&#8221; css=&#8221;.vc_custom_1540278976607{padding-top: 15px !important;padding-bottom: 15px !important;background-color: #ffffff !important;}&#8221;][vc_column][vc_single_image image=&#8221;1138&#8243; alignment=&#8221;center&#8221; onclick=&#8221;custom_link&#8221; link=&#8221;https:\/\/online-eingabe.lva24.at\/at\/#scroll&#8221;][\/vc_column][\/vc_row][vc_row full_width=&#8221;stretch_row&#8221; full_height=&#8221;yes&#8221; css=&#8221;.vc_custom_1540279019906{padding-top: 160px !important;padding-bottom: 160px !important;background-color: #40bfe5 !important;}&#8221;][vc_column][\/vc_column][\/vc_row][vc_row css=&#8221;.vc_custom_1540279837926{padding-top: 60px !important;padding-bottom: 60px !important;}&#8221;][vc_column width=&#8221;1\/3&#8243;][\/vc_column][vc_column width=&#8221;1\/3&#8243;][\/vc_column][vc_column width=&#8221;1\/3&#8243;][\/vc_column][\/vc_row][vc_row full_width=&#8221;stretch_row_content&#8221; equal_height=&#8221;yes&#8221;][vc_column width=&#8221;1\/2&#8243; css=&#8221;.vc_custom_1540279665515{margin-bottom: 0px !important;background-color: #40bfe5 !important;}&#8221;][vc_row_inner][vc_column_inner width=&#8221;1\/6&#8243;][\/vc_column_inner][vc_column_inner&hellip;","og_url":"https:\/\/online-eingabe.lva24.at\/at\/mel\/","og_site_name":"LVA24 Prozessfinanzierungs GmbH","article_modified_time":"2019-11-04T10:59:45+00:00","twitter_card":"summary_large_image","twitter_misc":{"Est. reading time":"5 minutes"},"schema":{"@context":"https:\/\/schema.org","@graph":[{"@type":"WebPage","@id":"https:\/\/online-eingabe.lva24.at\/at\/mel\/","url":"https:\/\/online-eingabe.lva24.at\/at\/mel\/","name":"Meinl - LVA24 Prozessfinanzierungs GmbH","isPartOf":{"@id":"https:\/\/online-eingabe.lva24.at\/at\/#website"},"datePublished":"2018-10-23T20:04:11+00:00","dateModified":"2019-11-04T10:59:45+00:00","breadcrumb":{"@id":"https:\/\/online-eingabe.lva24.at\/at\/mel\/#breadcrumb"},"inLanguage":"at-AT","potentialAction":[{"@type":"ReadAction","target":["https:\/\/online-eingabe.lva24.at\/at\/mel\/"]}]},{"@type":"BreadcrumbList","@id":"https:\/\/online-eingabe.lva24.at\/at\/mel\/#breadcrumb","itemListElement":[{"@type":"ListItem","position":1,"name":"Home","item":"https:\/\/online-eingabe.lva24.at\/at\/"},{"@type":"ListItem","position":2,"name":"Meinl"}]},{"@type":"WebSite","@id":"https:\/\/online-eingabe.lva24.at\/at\/#website","url":"https:\/\/online-eingabe.lva24.at\/at\/","name":"LVA24 Prozessfinanzierungs GmbH","description":"","publisher":{"@id":"https:\/\/online-eingabe.lva24.at\/at\/#organization"},"potentialAction":[{"@type":"SearchAction","target":{"@type":"EntryPoint","urlTemplate":"https:\/\/online-eingabe.lva24.at\/at\/?s={search_term_string}"},"query-input":{"@type":"PropertyValueSpecification","valueRequired":true,"valueName":"search_term_string"}}],"inLanguage":"at-AT"},{"@type":"Organization","@id":"https:\/\/online-eingabe.lva24.at\/at\/#organization","name":"LVA24 Prozessfinanzierungs GmbH","url":"https:\/\/online-eingabe.lva24.at\/at\/","logo":{"@type":"ImageObject","inLanguage":"at-AT","@id":"https:\/\/online-eingabe.lva24.at\/at\/#\/schema\/logo\/image\/","url":"https:\/\/online-eingabe.lva24.at\/wp-content\/uploads\/2021\/08\/Lva24-logo.jpg","contentUrl":"https:\/\/online-eingabe.lva24.at\/wp-content\/uploads\/2021\/08\/Lva24-logo.jpg","width":300,"height":205,"caption":"LVA24 Prozessfinanzierungs GmbH"},"image":{"@id":"https:\/\/online-eingabe.lva24.at\/at\/#\/schema\/logo\/image\/"}}]}},"_links":{"self":[{"href":"https:\/\/online-eingabe.lva24.at\/at\/wp-json\/wp\/v2\/pages\/1296","targetHints":{"allow":["GET"]}}],"collection":[{"href":"https:\/\/online-eingabe.lva24.at\/at\/wp-json\/wp\/v2\/pages"}],"about":[{"href":"https:\/\/online-eingabe.lva24.at\/at\/wp-json\/wp\/v2\/types\/page"}],"author":[{"embeddable":true,"href":"https:\/\/online-eingabe.lva24.at\/at\/wp-json\/wp\/v2\/users\/17"}],"replies":[{"embeddable":true,"href":"https:\/\/online-eingabe.lva24.at\/at\/wp-json\/wp\/v2\/comments?post=1296"}],"version-history":[{"count":12,"href":"https:\/\/online-eingabe.lva24.at\/at\/wp-json\/wp\/v2\/pages\/1296\/revisions"}],"predecessor-version":[{"id":1926,"href":"https:\/\/online-eingabe.lva24.at\/at\/wp-json\/wp\/v2\/pages\/1296\/revisions\/1926"}],"wp:attachment":[{"href":"https:\/\/online-eingabe.lva24.at\/at\/wp-json\/wp\/v2\/media?parent=1296"}],"curies":[{"name":"wp","href":"https:\/\/api.w.org\/{rel}","templated":true}]}}