{"id":1704,"date":"2018-12-18T15:55:17","date_gmt":"2018-12-18T14:55:17","guid":{"rendered":"https:\/\/online-eingabe.lva24.at\/?page_id=1704"},"modified":"2018-12-18T16:51:31","modified_gmt":"2018-12-18T15:51:31","slug":"stellungnahme","status":"publish","type":"page","link":"https:\/\/online-eingabe.lva24.at\/at\/stellungnahme\/","title":{"rendered":"Stellungnahme"},"content":{"rendered":"[vc_row][vc_column width=&#8221;1\/6&#8243;][\/vc_column][vc_column width=&#8221;2\/3&#8243;][vc_column_text]\n<p style=\"text-align: center;\"><span style=\"font-size: 14px;\"><strong><u>Stellungnahme der Gesch\u00e4ftsf\u00fchrung<\/u><\/strong><\/span><\/p>\n<p style=\"text-align: center;\"><span style=\"font-size: 14px;\"><strong><u>zum<\/u><\/strong><\/span><\/p>\n<p style=\"text-align: center;\"><span style=\"font-size: 14px;\"><strong><u>Urteil des Oberlandesgericht Wien, Abt. 1 vom 25.Oktober 2018<\/u><\/strong><\/span><\/p>\n<p>&nbsp;<\/p>\n<p><span style=\"font-size: 13px;\"><strong>Die Unabh\u00e4ngigkeit der Justiz ist ein hohes Gut \u2013 vereinzelte Irrt\u00fcmer eingeschlossen!<\/strong><\/span><\/p>\n<p><span style=\"font-size: 13px;\">Als Prozessfinanzierer erleben wir regelm\u00e4\u00dfig, dass <strong>begrenzte Fehlschl\u00e4ge<\/strong> zu akzeptieren sind, um im Sinne unserer Kunden das <strong>gro\u00dfe Ganze<\/strong> zu erreichen!<\/span><\/p>\n<p><span style=\"font-size: 13px;\">Teile der Versicherungswirtschaft wollen verhindern, dass wir Versicherungsnehmer \u00fcber ihre M\u00f6glichkeiten und Rechte hinsichtlich eines R\u00fccktritts von ihrem Lebensversicherungsvertrag wegen falscher bzw. fehlerhafter R\u00fccktrittsbelehrung kontaktieren und mit moderner kurzer Sprache \u00fcber das Wesentliche informieren.<\/span><\/p>\n<p><span style=\"font-size: 13px;\">Unsere Werbe-, Marketing- und Informationspolitik wurde zusammenfassend als <em>unrichtig, aggressiv, irref\u00fchrend, kreditsch\u00e4digend, rechtswidrig,<\/em> usw. qualifiziert.<\/span><\/p>\n<p><span style=\"font-size: 13px;\">F\u00fcr uns, die wir es gewohnt sind, moderne Marketingmethoden einzusetzen und Dinge auf den Punkt zu bringen, waren die transportierten Inhalte hingegen \u201e<strong><em>pointiert<\/em><\/strong>\u201c, \u201e<strong><em>\u00fcberspitzt<\/em><\/strong>\u201c und \u201e<strong>auf das Wesentliche beschr\u00e4nkt\u201c<\/strong>.<\/span><\/p>\n<p><span style=\"font-size: 13px;\">Bedauerlicherweise haben \u00f6sterreichische Gerichte in diesem Fall letztlich der Uniqa \u00d6sterreich Versicherungen AG Recht gegeben. Das haben wir in einem Rechtstaat nat\u00fcrlich zu akzeptieren und k\u00fcnftig bei Werbe- und Marketingauftritten zu ber\u00fccksichtigen.<\/span><\/p>\n<p><span style=\"font-size: 13px;\"><strong>Die Versicherungswirtschaft hat speziell in den Jahren 1994 bis 2015 teilweise unrichtige R\u00fccktrittsbelehrungen verwendet. Der R\u00fccktritt infolge fehlerhafter R\u00fccktrittsbelehrungen durch die Versicherungsunternehmen kann in einer Mehrzahl der F\u00e4lle dem Versicherungsnehmer finanzielle Vorteile bringen, da nicht selten die H\u00f6he des R\u00fcckkaufswertes der Versicherungsvertr\u00e4ge nicht einmal die H\u00f6he der einbezahlten Pr\u00e4mien erreicht.<\/strong><\/span><\/p>\n<p><span style=\"font-size: 13px;\"><strong>In zahlreichen F\u00e4llen konnten wir die Angelegenheit gemeinsam mit unseren Vertragsanw\u00e4lten im Sinne unserer Kunden positiv erledigen. <\/strong><\/span><\/p>\n<p><span style=\"font-size: 13px;\">Eine kurze, beispielhafte Auflistung der von uns bisher gegen die Versicherungswirtschaft erwirkten Urteile bzw. seitens der Versicherungswirtschaft aufgrund von eingebrachten Klagen geleisteten Zahlungen im Zusammenhang mit fehlenden\/fehlerhaften R\u00fccktrittsbelehrungen, k\u00f6nnen dem <strong>Anhang <\/strong>entnommen werden. Darunter befindet sich auch die Uniqa Versicherung!<\/span><\/p>\n<p><span style=\"font-size: 13px;\">Leider k\u00f6nnen wir die Liste nicht vollst\u00e4ndig offenlegen, da in zahlreichen F\u00e4llen auf Wunsch der Versicherer eine Geheimhaltungsklausel unterschrieben wurde.<\/span><\/p>\n<p><span style=\"font-size: 13px;\">Unabh\u00e4ngig von den bereits erzielten Ergebnissen f\u00fcr unsere Kunden werden derzeit &#8211; f\u00fcr den Versicherungsnehmer durchaus interessante &#8211; Detailfragen, im Zusammenhang mit der R\u00fcckabwicklung von Lebensversicherungen vom Europ\u00e4ischen Gerichtshof einer Kl\u00e4rung zugef\u00fchrt. Auch hier setzen wir gro\u00dfe Hoffnung in die unabh\u00e4ngige Rechtsprechung des Europ\u00e4ischen Gerichtshof.<\/span><\/p>\n<p><span style=\"font-size: 13px;\">Das wir mit unserer Werbe-, Marketing- und Informationspolitik den <strong><em>Nagel am Kopf getroffen<\/em><\/strong> haben, sieht man auch daran, dass der interessengeleitete Gesetzgeber die Rechte bei fehlerhaften R\u00fccktrittbelehrungen k\u00fcnftig stark einschr\u00e4nkt. Dies nachdem unabh\u00e4ngige <strong>\u00f6sterreichische Gerichte zahlreiche positive Urteile im Sinne der Versicherungsnehmer gef\u00e4llt<\/strong> hatten.<\/span><\/p>\n<p><span style=\"font-size: 13px;\">In einem neuen Gesetz <strong>ab 1.1.2019<\/strong> sollen nunmehr die Rechte von Versicherungsnehmern stark eingeschr\u00e4nkt werden. Es kommt zu einer <strong>klaren Verschlechterung<\/strong>, weil das R\u00fccktrittsrecht und die Folgen einer fehlerhaften R\u00fccktrittsbelehrung stark beschr\u00e4nkt und dadurch positive Richterspr\u00fcche k\u00fcnftig ausgehebelt werden sollen. Nach dem neuen Gesetz bleiben derartige Verst\u00f6\u00dfe der Versicherer in weiten Bereichen sanktionslos.<\/span><\/p>\n<p><span style=\"font-size: 13px;\">Inwieweit diese neue gesetzliche Regelung vor dem Europarecht \u00fcberhaupt Bestand hat, wird vom Europ\u00e4ischen Gerichtshof gesondert zu pr\u00fcfen sein.<\/span><\/p>\n<p><span style=\"font-size: 13px;\"><strong>F\u00fcr uns als Gesch\u00e4ftsf\u00fchrung der LVA24 Prozessfinanzierung GmbH liegt es jedenfalls auf der Hand, dass wir den Nerv der Versicherungswirtschaft zentral getroffen haben. Im Interesse tausender Versicherungsnehmer und unserer (potentiellen) Kunden werden wir daher noch zielstrebiger und mit noch mehr Einsatz die an uns herangetragenen F\u00e4lle abarbeiten.<\/strong><\/span><\/p>\n<p><span style=\"font-size: 13px;\"><strong>Jetzt erst recht! Gesetzesverst\u00f6\u00dfe m\u00fcssen auch f\u00fcr Versicherungsunternehmen Folgen haben! <\/strong><\/span><\/p>\n<p><span style=\"font-size: 13px;\">Gesch\u00e4ftsf\u00fchrung<\/span><\/p>\n<p><span style=\"font-size: 13px;\">LVA24 Prozessfinanzierung GmbH<\/span>[\/vc_column_text][\/vc_column][vc_column width=&#8221;1\/6&#8243;][\/vc_column][\/vc_row][vc_row][vc_column width=&#8221;1\/6&#8243;][\/vc_column][vc_column width=&#8221;2\/3&#8243;][vc_column_text]\n<h1 style=\"text-align: center;\"><span style=\"font-size: 14px;\"><u>Anhang: Einige Beispiele f\u00fcr positive Ergebnisse im Sinne unserer Kunden (Versicherungsnehmer)<\/u><\/span><\/h1>\n<h2 style=\"text-align: center;\"><span style=\"font-size: 13px;\"><strong><u>1) positive rechtskr\u00e4ftige Urteile gegen VU<\/u><\/strong><\/span><\/h2>\n<p>&nbsp;<\/p>\n<p><span style=\"font-size: 13px;\"><strong><u>Gesch\u00e4ftszahl\u00a0\u00a0\u00a0\u00a0\u00a0\u00a0\u00a0\u00a0\u00a0\u00a0\u00a0\u00a0\u00a0\u00a0\u00a0\u00a0\u00a0\u00a0\u00a0\u00a0\u00a0\u00a0\u00a0\u00a0\u00a0\u00a0\u00a0\u00a0\u00a0\u00a0\u00a0\u00a0\u00a0\u00a0\u00a0\u00a0 Gericht\u00a0\u00a0\u00a0\u00a0\u00a0\u00a0\u00a0\u00a0\u00a0\u00a0\u00a0 \u00a0\u00a0\u00a0\u00a0\u00a0\u00a0\u00a0\u00a0\u00a0\u00a0\u00a0 Versicherungsunternehmen<\/u><\/strong><\/span><\/p>\n<table width=\"623\">\n<tbody>\n<tr>\n<td width=\"208\"><span style=\"font-size: 13px;\">16 C 93\/18w<\/span><\/td>\n<td width=\"208\"><span style=\"font-size: 13px;\">BGHS Wien<\/span><\/td>\n<td width=\"208\"><span style=\"font-size: 13px;\">NN vs. Z\u00fcrich Versicherungs AG<\/span><\/td>\n<\/tr>\n<tr>\n<td width=\"208\"><span style=\"font-size: 13px;\">208 C 75\/18t<\/span><\/td>\n<td width=\"208\"><span style=\"font-size: 13px;\">BG Graz-Ost<\/span><\/td>\n<td width=\"208\"><span style=\"font-size: 13px;\">NN vs. Merkur Versicherung AG<\/span><\/td>\n<\/tr>\n<tr>\n<td width=\"208\"><span style=\"font-size: 13px;\">206 C 849\/18a<\/span><\/td>\n<td width=\"208\"><span style=\"font-size: 13px;\">BG Graz-Ost<\/span><\/td>\n<td width=\"208\"><span style=\"font-size: 13px;\">NN vs. Merkur Versicherung AG<\/span><\/td>\n<\/tr>\n<tr>\n<td width=\"208\"><span style=\"font-size: 13px;\">207 C 854\/18v<\/span><\/td>\n<td width=\"208\"><span style=\"font-size: 13px;\">BG Graz-Ost<\/span><\/td>\n<td width=\"208\"><span style=\"font-size: 13px;\">NN vs. Merkur Versicherung AG<\/span><\/td>\n<\/tr>\n<tr>\n<td width=\"208\"><span style=\"font-size: 13px;\">7 C 730\/17d<\/span><\/td>\n<td width=\"208\"><span style=\"font-size: 13px;\">BGHS Wien<\/span><\/td>\n<td width=\"208\"><span style=\"font-size: 13px;\">NN vs. BAWAG P.S.K. Versicherung AG<\/span><\/td>\n<\/tr>\n<tr>\n<td width=\"208\"><span style=\"font-size: 13px;\">60 R 92\/18m<\/span><\/td>\n<td width=\"208\"><span style=\"font-size: 13px;\">HG Wien<\/span><\/td>\n<td width=\"208\"><span style=\"font-size: 13px;\">NN vs. Wiener St\u00e4dtische Versicherung AG<\/span><\/td>\n<\/tr>\n<tr>\n<td width=\"208\"><span style=\"font-size: 13px;\">11 C 127\/18h<\/span><\/td>\n<td width=\"208\"><span style=\"font-size: 13px;\">BGHS Wien<\/span><\/td>\n<td width=\"208\"><span style=\"font-size: 13px;\">NN vs. Uniqa \u00d6sterreich Versicherungen AG<\/span><\/td>\n<\/tr>\n<\/tbody>\n<\/table>\n<p>&nbsp;<\/p>\n<h2 style=\"text-align: center;\"><span style=\"font-size: 13px;\"><strong><u>2) Vergleiche mit VU<\/u><\/strong><\/span><\/h2>\n<p>&nbsp;<\/p>\n<p><span style=\"font-size: 13px;\"><strong><u>Gesch\u00e4ftszahl\u00a0\u00a0\u00a0\u00a0\u00a0\u00a0\u00a0\u00a0\u00a0\u00a0\u00a0\u00a0\u00a0\u00a0\u00a0\u00a0\u00a0\u00a0\u00a0\u00a0\u00a0\u00a0\u00a0\u00a0\u00a0\u00a0\u00a0\u00a0\u00a0\u00a0\u00a0\u00a0\u00a0\u00a0\u00a0\u00a0 Gericht\u00a0 \u00a0 \u00a0 \u00a0 \u00a0 \u00a0 \u00a0 \u00a0 \u00a0 \u00a0 \u00a0 \u00a0 \u00a0 \u00a0 \u00a0 \u00a0 \u00a0 \u00a0 \u00a0 \u00a0Versicherungsunternehmen<\/u><\/strong><\/span><\/p>\n<table width=\"622\">\n<tbody>\n<tr>\n<td width=\"207\"><span style=\"font-size: 13px;\">22 C 203\/18s<\/span><\/td>\n<td width=\"207\"><span style=\"font-size: 13px;\">BGHS Wien<\/span><\/td>\n<td width=\"207\"><span style=\"font-size: 13px;\">Z\u00fcrich Versicherungs AG<\/span><\/td>\n<\/tr>\n<tr>\n<td width=\"207\"><span style=\"font-size: 13px;\">16 C 292\/18k<\/span><\/td>\n<td width=\"207\"><span style=\"font-size: 13px;\">BGHS Wien<\/span><\/td>\n<td width=\"207\"><span style=\"font-size: 13px;\">FWU Life Insurance Austria AG<\/span><\/td>\n<\/tr>\n<tr>\n<td width=\"207\"><span style=\"font-size: 13px;\">16 C 231\/18i<\/span><\/td>\n<td width=\"207\"><span style=\"font-size: 13px;\">BGHS Wien<\/span><\/td>\n<td width=\"207\"><span style=\"font-size: 13px;\">FWU Life Insurance Austria AG<\/span><\/td>\n<\/tr>\n<tr>\n<td width=\"207\"><span style=\"font-size: 13px;\">20 C 313\/18b<\/span><\/td>\n<td width=\"207\"><span style=\"font-size: 13px;\">BGHS Wien<\/span><\/td>\n<td width=\"207\"><span style=\"font-size: 13px;\">FWU Life Insurance Austria AG<\/span><\/td>\n<\/tr>\n<tr>\n<td width=\"207\"><span style=\"font-size: 13px;\">15 C 192\/18x<\/span><\/td>\n<td width=\"207\"><span style=\"font-size: 13px;\">BGHS Wien<\/span><\/td>\n<td width=\"207\"><span style=\"font-size: 13px;\">FWU Life Insurance Austria AG<\/span><\/td>\n<\/tr>\n<tr>\n<td width=\"207\"><span style=\"font-size: 13px;\">16 C 447\/17b<\/span><\/td>\n<td width=\"207\"><span style=\"font-size: 13px;\">BGHS Wien<\/span><\/td>\n<td width=\"207\"><span style=\"font-size: 13px;\">Uniqa \u00d6sterreich Versicherungen AG<\/span><\/td>\n<\/tr>\n<tr>\n<td width=\"207\"><span style=\"font-size: 13px;\">4 C 48\/2018 i<\/span><\/td>\n<td width=\"207\"><span style=\"font-size: 13px;\">BGHS Wien<\/span><\/td>\n<td width=\"207\"><span style=\"font-size: 13px;\">Helvetia Versicherungen AG<\/span><\/td>\n<\/tr>\n<tr>\n<td width=\"207\"><span style=\"font-size: 13px;\">12 C 166\/18 i<\/span><\/td>\n<td width=\"207\"><span style=\"font-size: 13px;\">BG Salzburg<\/span><\/td>\n<td width=\"207\"><span style=\"font-size: 13px;\">W\u00fcstenrot Versicherungs-AG<\/span><\/td>\n<\/tr>\n<tr>\n<td width=\"207\"><span style=\"font-size: 13px;\">17 C 153\/18a<\/span><\/td>\n<td width=\"207\"><span style=\"font-size: 13px;\">BGHS Wien<\/span><\/td>\n<td width=\"207\"><span style=\"font-size: 13px;\">Z\u00fcrich Versicherungs AG<\/span><\/td>\n<\/tr>\n<tr>\n<td width=\"207\"><span style=\"font-size: 13px;\">1 C 258\/18g<\/span><\/td>\n<td width=\"207\"><span style=\"font-size: 13px;\">BG Hermagor<\/span><\/td>\n<td width=\"207\"><span style=\"font-size: 13px;\">Dt. Herold Versicherungsgruppe<\/span><\/td>\n<\/tr>\n<\/tbody>\n<\/table>\n[\/vc_column_text][\/vc_column][vc_column width=&#8221;1\/6&#8243;][\/vc_column][\/vc_row]\n","protected":false},"excerpt":{"rendered":"<p>[vc_row][vc_column width=&#8221;1\/6&#8243;][\/vc_column][vc_column width=&#8221;2\/3&#8243;][vc_column_text] Stellungnahme der Gesch\u00e4ftsf\u00fchrung zum Urteil des Oberlandesgericht Wien, Abt. 1 vom 25.Oktober 2018 &nbsp; Die Unabh\u00e4ngigkeit der Justiz ist ein hohes Gut \u2013 vereinzelte Irrt\u00fcmer eingeschlossen! Als Prozessfinanzierer erleben wir regelm\u00e4\u00dfig, dass begrenzte Fehlschl\u00e4ge zu akzeptieren sind,&hellip;<\/p>\n","protected":false},"author":17,"featured_media":0,"parent":0,"menu_order":0,"comment_status":"closed","ping_status":"closed","template":"","meta":{"footnotes":""},"class_list":["post-1704","page","type-page","status-publish","hentry","entry","no-media"],"yoast_head":"<!-- This site is optimized with the Yoast SEO plugin v27.2 - https:\/\/yoast.com\/product\/yoast-seo-wordpress\/ -->\n<title>Stellungnahme - LVA24 Prozessfinanzierungs GmbH<\/title>\n<meta name=\"robots\" content=\"noindex, follow, max-snippet:-1, max-image-preview:large, max-video-preview:-1\" \/>\n<meta property=\"og:locale\" content=\"en_US\" \/>\n<meta property=\"og:type\" content=\"article\" \/>\n<meta property=\"og:title\" content=\"Stellungnahme - LVA24 Prozessfinanzierungs GmbH\" \/>\n<meta property=\"og:description\" content=\"[vc_row][vc_column width=&#8221;1\/6&#8243;][\/vc_column][vc_column width=&#8221;2\/3&#8243;][vc_column_text] Stellungnahme der Gesch\u00e4ftsf\u00fchrung zum Urteil des Oberlandesgericht Wien, Abt. 1 vom 25.Oktober 2018 &nbsp; Die Unabh\u00e4ngigkeit der Justiz ist ein hohes Gut \u2013 vereinzelte Irrt\u00fcmer eingeschlossen! Als Prozessfinanzierer erleben wir regelm\u00e4\u00dfig, dass begrenzte Fehlschl\u00e4ge zu akzeptieren sind,&hellip;\" \/>\n<meta property=\"og:url\" content=\"https:\/\/online-eingabe.lva24.at\/at\/stellungnahme\/\" \/>\n<meta property=\"og:site_name\" content=\"LVA24 Prozessfinanzierungs GmbH\" \/>\n<meta property=\"article:modified_time\" content=\"2018-12-18T15:51:31+00:00\" \/>\n<meta name=\"twitter:card\" content=\"summary_large_image\" \/>\n<meta name=\"twitter:label1\" content=\"Est. reading time\" \/>\n\t<meta name=\"twitter:data1\" content=\"4 minutes\" \/>\n<script type=\"application\/ld+json\" class=\"yoast-schema-graph\">{\"@context\":\"https:\/\/schema.org\",\"@graph\":[{\"@type\":\"WebPage\",\"@id\":\"https:\/\/online-eingabe.lva24.at\/at\/stellungnahme\/\",\"url\":\"https:\/\/online-eingabe.lva24.at\/at\/stellungnahme\/\",\"name\":\"Stellungnahme - LVA24 Prozessfinanzierungs GmbH\",\"isPartOf\":{\"@id\":\"https:\/\/online-eingabe.lva24.at\/at\/#website\"},\"datePublished\":\"2018-12-18T14:55:17+00:00\",\"dateModified\":\"2018-12-18T15:51:31+00:00\",\"breadcrumb\":{\"@id\":\"https:\/\/online-eingabe.lva24.at\/at\/stellungnahme\/#breadcrumb\"},\"inLanguage\":\"at-AT\",\"potentialAction\":[{\"@type\":\"ReadAction\",\"target\":[\"https:\/\/online-eingabe.lva24.at\/at\/stellungnahme\/\"]}]},{\"@type\":\"BreadcrumbList\",\"@id\":\"https:\/\/online-eingabe.lva24.at\/at\/stellungnahme\/#breadcrumb\",\"itemListElement\":[{\"@type\":\"ListItem\",\"position\":1,\"name\":\"Home\",\"item\":\"https:\/\/online-eingabe.lva24.at\/at\/\"},{\"@type\":\"ListItem\",\"position\":2,\"name\":\"Stellungnahme\"}]},{\"@type\":\"WebSite\",\"@id\":\"https:\/\/online-eingabe.lva24.at\/at\/#website\",\"url\":\"https:\/\/online-eingabe.lva24.at\/at\/\",\"name\":\"LVA24 Prozessfinanzierungs GmbH\",\"description\":\"\",\"publisher\":{\"@id\":\"https:\/\/online-eingabe.lva24.at\/at\/#organization\"},\"potentialAction\":[{\"@type\":\"SearchAction\",\"target\":{\"@type\":\"EntryPoint\",\"urlTemplate\":\"https:\/\/online-eingabe.lva24.at\/at\/?s={search_term_string}\"},\"query-input\":{\"@type\":\"PropertyValueSpecification\",\"valueRequired\":true,\"valueName\":\"search_term_string\"}}],\"inLanguage\":\"at-AT\"},{\"@type\":\"Organization\",\"@id\":\"https:\/\/online-eingabe.lva24.at\/at\/#organization\",\"name\":\"LVA24 Prozessfinanzierungs GmbH\",\"url\":\"https:\/\/online-eingabe.lva24.at\/at\/\",\"logo\":{\"@type\":\"ImageObject\",\"inLanguage\":\"at-AT\",\"@id\":\"https:\/\/online-eingabe.lva24.at\/at\/#\/schema\/logo\/image\/\",\"url\":\"https:\/\/online-eingabe.lva24.at\/wp-content\/uploads\/2021\/08\/Lva24-logo.jpg\",\"contentUrl\":\"https:\/\/online-eingabe.lva24.at\/wp-content\/uploads\/2021\/08\/Lva24-logo.jpg\",\"width\":300,\"height\":205,\"caption\":\"LVA24 Prozessfinanzierungs GmbH\"},\"image\":{\"@id\":\"https:\/\/online-eingabe.lva24.at\/at\/#\/schema\/logo\/image\/\"}}]}<\/script>\n<!-- \/ Yoast SEO plugin. -->","yoast_head_json":{"title":"Stellungnahme - LVA24 Prozessfinanzierungs GmbH","robots":{"index":"noindex","follow":"follow","max-snippet":"max-snippet:-1","max-image-preview":"max-image-preview:large","max-video-preview":"max-video-preview:-1"},"og_locale":"en_US","og_type":"article","og_title":"Stellungnahme - LVA24 Prozessfinanzierungs GmbH","og_description":"[vc_row][vc_column width=&#8221;1\/6&#8243;][\/vc_column][vc_column width=&#8221;2\/3&#8243;][vc_column_text] Stellungnahme der Gesch\u00e4ftsf\u00fchrung zum Urteil des Oberlandesgericht Wien, Abt. 1 vom 25.Oktober 2018 &nbsp; Die Unabh\u00e4ngigkeit der Justiz ist ein hohes Gut \u2013 vereinzelte Irrt\u00fcmer eingeschlossen! Als Prozessfinanzierer erleben wir regelm\u00e4\u00dfig, dass begrenzte Fehlschl\u00e4ge zu akzeptieren sind,&hellip;","og_url":"https:\/\/online-eingabe.lva24.at\/at\/stellungnahme\/","og_site_name":"LVA24 Prozessfinanzierungs GmbH","article_modified_time":"2018-12-18T15:51:31+00:00","twitter_card":"summary_large_image","twitter_misc":{"Est. reading time":"4 minutes"},"schema":{"@context":"https:\/\/schema.org","@graph":[{"@type":"WebPage","@id":"https:\/\/online-eingabe.lva24.at\/at\/stellungnahme\/","url":"https:\/\/online-eingabe.lva24.at\/at\/stellungnahme\/","name":"Stellungnahme - LVA24 Prozessfinanzierungs GmbH","isPartOf":{"@id":"https:\/\/online-eingabe.lva24.at\/at\/#website"},"datePublished":"2018-12-18T14:55:17+00:00","dateModified":"2018-12-18T15:51:31+00:00","breadcrumb":{"@id":"https:\/\/online-eingabe.lva24.at\/at\/stellungnahme\/#breadcrumb"},"inLanguage":"at-AT","potentialAction":[{"@type":"ReadAction","target":["https:\/\/online-eingabe.lva24.at\/at\/stellungnahme\/"]}]},{"@type":"BreadcrumbList","@id":"https:\/\/online-eingabe.lva24.at\/at\/stellungnahme\/#breadcrumb","itemListElement":[{"@type":"ListItem","position":1,"name":"Home","item":"https:\/\/online-eingabe.lva24.at\/at\/"},{"@type":"ListItem","position":2,"name":"Stellungnahme"}]},{"@type":"WebSite","@id":"https:\/\/online-eingabe.lva24.at\/at\/#website","url":"https:\/\/online-eingabe.lva24.at\/at\/","name":"LVA24 Prozessfinanzierungs GmbH","description":"","publisher":{"@id":"https:\/\/online-eingabe.lva24.at\/at\/#organization"},"potentialAction":[{"@type":"SearchAction","target":{"@type":"EntryPoint","urlTemplate":"https:\/\/online-eingabe.lva24.at\/at\/?s={search_term_string}"},"query-input":{"@type":"PropertyValueSpecification","valueRequired":true,"valueName":"search_term_string"}}],"inLanguage":"at-AT"},{"@type":"Organization","@id":"https:\/\/online-eingabe.lva24.at\/at\/#organization","name":"LVA24 Prozessfinanzierungs GmbH","url":"https:\/\/online-eingabe.lva24.at\/at\/","logo":{"@type":"ImageObject","inLanguage":"at-AT","@id":"https:\/\/online-eingabe.lva24.at\/at\/#\/schema\/logo\/image\/","url":"https:\/\/online-eingabe.lva24.at\/wp-content\/uploads\/2021\/08\/Lva24-logo.jpg","contentUrl":"https:\/\/online-eingabe.lva24.at\/wp-content\/uploads\/2021\/08\/Lva24-logo.jpg","width":300,"height":205,"caption":"LVA24 Prozessfinanzierungs GmbH"},"image":{"@id":"https:\/\/online-eingabe.lva24.at\/at\/#\/schema\/logo\/image\/"}}]}},"_links":{"self":[{"href":"https:\/\/online-eingabe.lva24.at\/at\/wp-json\/wp\/v2\/pages\/1704","targetHints":{"allow":["GET"]}}],"collection":[{"href":"https:\/\/online-eingabe.lva24.at\/at\/wp-json\/wp\/v2\/pages"}],"about":[{"href":"https:\/\/online-eingabe.lva24.at\/at\/wp-json\/wp\/v2\/types\/page"}],"author":[{"embeddable":true,"href":"https:\/\/online-eingabe.lva24.at\/at\/wp-json\/wp\/v2\/users\/17"}],"replies":[{"embeddable":true,"href":"https:\/\/online-eingabe.lva24.at\/at\/wp-json\/wp\/v2\/comments?post=1704"}],"version-history":[{"count":9,"href":"https:\/\/online-eingabe.lva24.at\/at\/wp-json\/wp\/v2\/pages\/1704\/revisions"}],"predecessor-version":[{"id":1711,"href":"https:\/\/online-eingabe.lva24.at\/at\/wp-json\/wp\/v2\/pages\/1704\/revisions\/1711"}],"wp:attachment":[{"href":"https:\/\/online-eingabe.lva24.at\/at\/wp-json\/wp\/v2\/media?parent=1704"}],"curies":[{"name":"wp","href":"https:\/\/api.w.org\/{rel}","templated":true}]}}