{"id":2185,"date":"2019-11-14T11:23:34","date_gmt":"2019-11-14T10:23:34","guid":{"rendered":"https:\/\/online-eingabe.lva24.at\/?page_id=2185"},"modified":"2019-11-26T12:17:00","modified_gmt":"2019-11-26T11:17:00","slug":"aerztehaftung","status":"publish","type":"page","link":"https:\/\/online-eingabe.lva24.at\/at\/aerztehaftung\/","title":{"rendered":"\u00c4rztehaftung"},"content":{"rendered":"[vc_row full_width=&#8221;stretch_row&#8221; remove_bottom_col_margin=&#8221;true&#8221; css=&#8221;.vc_custom_1540278976607{padding-top: 15px !important;padding-bottom: 15px !important;background-color: #ffffff !important;}&#8221;][vc_column][vc_single_image image=&#8221;1138&#8243; alignment=&#8221;center&#8221; onclick=&#8221;custom_link&#8221; link=&#8221;https:\/\/online-eingabe.lva24.at\/at\/#scroll&#8221;][\/vc_column][\/vc_row][vc_row full_width=&#8221;stretch_row&#8221; full_height=&#8221;yes&#8221; css=&#8221;.vc_custom_1540279019906{padding-top: 160px !important;padding-bottom: 160px !important;background-color: #40bfe5 !important;}&#8221;][vc_column]<h1 class=\"vcex-module vcex-heading vcex-heading-plain\" style=\"color:#ffffff;font-family:Raleway;font-size:54px;text-align:center;\"><span class=\"vcex-heading-inner clr\">Klagen wegen medizinischer Kunstfehler und \u00c4rztehaftung<br \/>\nIhr Recht soll nicht am Geld scheitern!<\/span><\/h1><div class=\"vcex-spacing\" style=\"height:60px\"><\/div><div class=\"textcenter theme-button-wrap clr\"><a href=\"#anmeldung\" title=\"Sammelverfahren GIS\" class=\"vcex-button theme-button outline white align-center inline hvr hvr-float-shadow\" style=\"padding-top:12px;padding-right:30px;padding-bottom:12px;padding-left:30px;font-size:24px;font-weight:400;letter-spacing:2px;border-radius:99px;text-transform:uppercase;\"><span class=\"theme-button-inner\"><span class=\"vcex-icon-wrap theme-button-icon-left\"><span class=\"fa fa-wpforms\"><\/span><\/span>Kostenfrei anmelden!<\/span><\/a><\/div> [\/vc_column][\/vc_row][vc_row css=&#8221;.vc_custom_1540279837926{padding-top: 60px !important;padding-bottom: 60px !important;}&#8221;][vc_column width=&#8221;1\/3&#8243;]<div class=\"vcex-module vcex-icon-box clr vcex-icon-box-two\"><div class=\"vcex-icon-box-icon\" style=\"color:#40bfe5;font-size:38px;\"><span class=\"fa fa-wpforms\" aria-hidden=\"true\"><\/span><\/div><div class=\"vcex-icon-box-heading\">Schritt 1<\/div><div class=\"vcex-icon-box-content clr\"><p>F\u00fcllen Sie das Formular zur Klage medizinischer Kunstfehler\/\u00c4rztehaftung aus und \u00fcbermitteln Sie uns s\u00e4mtliche vorhandenen Unterlagen (Befunde, Diagnosen, Therapiepl\u00e4ne, R\u00f6ntgenbilder, Aufenthaltsbest\u00e4tigungen, etc.).<\/p>\n<\/div><\/div>[\/vc_column][vc_column width=&#8221;1\/3&#8243;]<div class=\"vcex-module vcex-icon-box clr vcex-icon-box-two\"><div class=\"vcex-icon-box-icon\" style=\"color:#40bfe5;font-size:38px;\"><span class=\"fa fa-comments\" aria-hidden=\"true\"><\/span><\/div><div class=\"vcex-icon-box-heading\">Schritt 2<\/div><div class=\"vcex-icon-box-content clr\"><p>Der von Ihnen mandatierte Rechtsanwalt fordert ausstehende Unterlagen an und setzt nach zuvor erfolgter Vorpr\u00fcfung im Falle der \u00dcbernahme einer Prozessfinanzierung durch uns Ihre Anspr\u00fcche durch.<\/p>\n<\/div><\/div>[\/vc_column][vc_column width=&#8221;1\/3&#8243;]<div class=\"vcex-module vcex-icon-box clr vcex-icon-box-two\"><div class=\"vcex-icon-box-icon\" style=\"color:#40bfe5;font-size:38px;\"><span class=\"fa fa-bullhorn\" aria-hidden=\"true\"><\/span><\/div><div class=\"vcex-icon-box-heading\">Schritt 3<\/div><div class=\"vcex-icon-box-content clr\"><p>Sie werden \u00fcber den Prozessfortgang laufend informiert. Im Erfolgsfall wird die Aufteilung des zugesprochenen Geldbetrages durch den einschreitenden Rechtsanwalt zur Aufteilung gebracht.<\/p>\n<\/div><\/div>[\/vc_column][\/vc_row][vc_row full_width=&#8221;stretch_row_content&#8221; equal_height=&#8221;yes&#8221;][vc_column width=&#8221;1\/2&#8243; css=&#8221;.vc_custom_1540279665515{margin-bottom: 0px !important;background-color: #40bfe5 !important;}&#8221;][vc_row_inner][vc_column_inner width=&#8221;1\/6&#8243;][\/vc_column_inner][vc_column_inner width=&#8221;2\/3&#8243;]<div class=\"vcex-spacing\" style=\"height:30px\"><\/div><h3 class=\"vcex-module vcex-heading vcex-heading-plain\" style=\"color:#ffffff;font-size:24px;text-align:left;\"><span class=\"vcex-heading-inner clr\">Die n\u00e4heren Details zum Fall<\/span><\/h3><div class=\"vcex-spacing\" style=\"height:30px\"><\/div>[vc_column_text css=&#8221;.vc_custom_1573726813020{margin-bottom: 5px !important;}&#8221; color=&#8221;#ffffff&#8221;]In den letzten Jahrzehnten hat die Anzahl von Arzthaftungsprozessen stark zugenommen. Bereits vor Jahren lie\u00df der \u00d6sterreichische Erfolgsautor Kurt Langbein in seinem Buch \u201eVerschlusssache Medizin\u201c darauf hin, dass in \u00d6sterreichs Krankenh\u00e4usern j\u00e4hrlich mehr als 2500 Menschen an den Folgen von behandlungsfehlern sterben, nach einem Nachtdienst Chirurgen doppelt so viele Fehler machen wie ausgeschlafen, jeder Zehnte nur deshalb im Spital landet, weil Arzneimittel falsch eingesetzt werden.<\/p>\n<p>Patienten sehen sich nach \u00e4rztlichen Behandlungsfehlern in der Regel mit un\u00fcberwindbaren H\u00fcrden konfrontiert. Die Herausgabe wesentlicher Unterlagen und die Geltendmachung erlittener Gesundheitssch\u00e4den aufgrund von \u00e4rztlichen Fehlbehandlungen oder mangelnder Aufkl\u00e4rung sind oftmals mit hohen finanziellen Risiken verbunden. Jeder Fall ist individuell und anhand der vorhandenen Unterlagen zu pr\u00fcfen. Nur wenn tats\u00e4chlich ein Fehler des Arztes vorliegt und dieser auch nachgewiesen werden kann, ist es ratsam seine Anspr\u00fcche gerichtlich geltend zu machen.<\/p>\n<p>Die erfolgreiche Geltendmachung solcher Anspr\u00fcche setzt ein schlagkr\u00e4ftiges Team aus erfahrenen Rechtsanw\u00e4lten und anerkannten medizinischen Fachexperten voraus. Mithilfe der LVA24 Prozessfinanzierung GmbH werden Sie in die Lage versetzt bestehende Anspr\u00fcche, insbesondere Schmerzengeld, wirtschaftlich risikolos durchzusetzen.<\/p>\n<p>Im Erfolgsfall kostet Sie unser erfolgreiches Einschreiten als Prozessfinanzierer maximal 45% des tats\u00e4chlich zugesprochenen Betrages.[\/vc_column_text]<div class=\"vcex-spacing\" style=\"height:30px\"><\/div><a href=\"https:\/\/online-eingabe.lva24.at\/at\/faq\/#1572530749854-8f090ef4-9fdb\" class=\"vcex-button theme-button white inline animate-on-hover\" style=\"color:#40bfe5;\" data-wpex-hover='{\"color\":\"#00afe5\"}'><span class=\"theme-button-inner\">Hier mehr erfahren<\/span><\/a> [\/vc_column_inner][vc_column_inner width=&#8221;1\/6&#8243;][\/vc_column_inner][\/vc_row_inner][\/vc_column][vc_column parallax=&#8221;content-moving&#8221; parallax_image=&#8221;1227&#8243; width=&#8221;1\/2&#8243;][\/vc_column][\/vc_row][vc_row local_scroll_id=&#8221;anmeldung&#8221; el_id=&#8221;anmeldung&#8221; css=&#8221;.vc_custom_1574143341524{padding-top: 60px !important;background-color: #ffffff !important;}&#8221;][vc_column]<h2 class=\"vcex-module vcex-heading vcex-heading-plain\" data-wpex-hover='{\"color\":\"#222955\"}' style=\"color:#44bfe6;font-size:32px;text-align:center;\"><span class=\"vcex-heading-inner clr\">Anmeldeformular<\/span><\/h2><div class=\"vcex-spacing\" style=\"height:30px\"><\/div>Please select a valid form<div class=\"vcex-spacing\" style=\"height:30px\"><\/div>[\/vc_column][\/vc_row][vc_row full_width=&#8221;stretch_row_content_no_spaces&#8221; content_placement=&#8221;middle&#8221; css=&#8221;.vc_custom_1540280626045{padding-top: 30px !important;padding-bottom: 30px !important;background-color: #eeeeee !important;}&#8221;][vc_column][vc_column_text]\n<h3 style=\"text-align: center;\">LVA24 PROZESSFINANZIERUNG GMBH<\/h3>\n<p style=\"text-align: center;\"><a href=\"\/datenschutz\/\">Datenschutzbestimmung<\/a><\/p>\n[\/vc_column_text][\/vc_column][\/vc_row][vc_row][vc_column][\/vc_column][\/vc_row]\n","protected":false},"excerpt":{"rendered":"<p>[vc_row full_width=&#8221;stretch_row&#8221; remove_bottom_col_margin=&#8221;true&#8221; css=&#8221;.vc_custom_1540278976607{padding-top: 15px !important;padding-bottom: 15px !important;background-color: #ffffff !important;}&#8221;][vc_column][vc_single_image image=&#8221;1138&#8243; alignment=&#8221;center&#8221; onclick=&#8221;custom_link&#8221; link=&#8221;https:\/\/online-eingabe.lva24.at\/at\/#scroll&#8221;][\/vc_column][\/vc_row][vc_row full_width=&#8221;stretch_row&#8221; full_height=&#8221;yes&#8221; css=&#8221;.vc_custom_1540279019906{padding-top: 160px !important;padding-bottom: 160px !important;background-color: #40bfe5 !important;}&#8221;][vc_column][\/vc_column][\/vc_row][vc_row css=&#8221;.vc_custom_1540279837926{padding-top: 60px !important;padding-bottom: 60px !important;}&#8221;][vc_column width=&#8221;1\/3&#8243;][\/vc_column][vc_column width=&#8221;1\/3&#8243;][\/vc_column][vc_column width=&#8221;1\/3&#8243;][\/vc_column][\/vc_row][vc_row full_width=&#8221;stretch_row_content&#8221; equal_height=&#8221;yes&#8221;][vc_column width=&#8221;1\/2&#8243; css=&#8221;.vc_custom_1540279665515{margin-bottom: 0px !important;background-color: #40bfe5 !important;}&#8221;][vc_row_inner][vc_column_inner width=&#8221;1\/6&#8243;][\/vc_column_inner][vc_column_inner&hellip;<\/p>\n","protected":false},"author":17,"featured_media":0,"parent":0,"menu_order":0,"comment_status":"closed","ping_status":"closed","template":"","meta":{"footnotes":""},"class_list":["post-2185","page","type-page","status-publish","hentry","entry","no-media"],"yoast_head":"<!-- This site is optimized with the Yoast SEO plugin v27.4 - https:\/\/yoast.com\/product\/yoast-seo-wordpress\/ -->\n<title>\u00c4rztehaftung - LVA24 Prozessfinanzierungs GmbH<\/title>\n<meta name=\"robots\" content=\"noindex, follow, max-snippet:-1, max-image-preview:large, max-video-preview:-1\" \/>\n<meta property=\"og:locale\" content=\"en_US\" \/>\n<meta property=\"og:type\" content=\"article\" \/>\n<meta property=\"og:title\" content=\"\u00c4rztehaftung - LVA24 Prozessfinanzierungs GmbH\" \/>\n<meta property=\"og:description\" content=\"[vc_row full_width=&#8221;stretch_row&#8221; remove_bottom_col_margin=&#8221;true&#8221; css=&#8221;.vc_custom_1540278976607{padding-top: 15px !important;padding-bottom: 15px !important;background-color: #ffffff !important;}&#8221;][vc_column][vc_single_image image=&#8221;1138&#8243; alignment=&#8221;center&#8221; onclick=&#8221;custom_link&#8221; link=&#8221;https:\/\/online-eingabe.lva24.at\/at\/#scroll&#8221;][\/vc_column][\/vc_row][vc_row full_width=&#8221;stretch_row&#8221; full_height=&#8221;yes&#8221; css=&#8221;.vc_custom_1540279019906{padding-top: 160px !important;padding-bottom: 160px !important;background-color: #40bfe5 !important;}&#8221;][vc_column][\/vc_column][\/vc_row][vc_row css=&#8221;.vc_custom_1540279837926{padding-top: 60px !important;padding-bottom: 60px !important;}&#8221;][vc_column width=&#8221;1\/3&#8243;][\/vc_column][vc_column width=&#8221;1\/3&#8243;][\/vc_column][vc_column width=&#8221;1\/3&#8243;][\/vc_column][\/vc_row][vc_row full_width=&#8221;stretch_row_content&#8221; equal_height=&#8221;yes&#8221;][vc_column width=&#8221;1\/2&#8243; css=&#8221;.vc_custom_1540279665515{margin-bottom: 0px !important;background-color: #40bfe5 !important;}&#8221;][vc_row_inner][vc_column_inner width=&#8221;1\/6&#8243;][\/vc_column_inner][vc_column_inner&hellip;\" \/>\n<meta property=\"og:url\" content=\"https:\/\/online-eingabe.lva24.at\/at\/aerztehaftung\/\" \/>\n<meta property=\"og:site_name\" content=\"LVA24 Prozessfinanzierungs GmbH\" \/>\n<meta property=\"article:modified_time\" content=\"2019-11-26T11:17:00+00:00\" \/>\n<meta name=\"twitter:card\" content=\"summary_large_image\" \/>\n<meta name=\"twitter:label1\" content=\"Est. reading time\" \/>\n\t<meta name=\"twitter:data1\" content=\"4 minutes\" \/>\n<script type=\"application\/ld+json\" class=\"yoast-schema-graph\">{\"@context\":\"https:\\\/\\\/schema.org\",\"@graph\":[{\"@type\":\"WebPage\",\"@id\":\"https:\\\/\\\/online-eingabe.lva24.at\\\/at\\\/aerztehaftung\\\/\",\"url\":\"https:\\\/\\\/online-eingabe.lva24.at\\\/at\\\/aerztehaftung\\\/\",\"name\":\"\u00c4rztehaftung - LVA24 Prozessfinanzierungs GmbH\",\"isPartOf\":{\"@id\":\"https:\\\/\\\/online-eingabe.lva24.at\\\/at\\\/#website\"},\"datePublished\":\"2019-11-14T10:23:34+00:00\",\"dateModified\":\"2019-11-26T11:17:00+00:00\",\"breadcrumb\":{\"@id\":\"https:\\\/\\\/online-eingabe.lva24.at\\\/at\\\/aerztehaftung\\\/#breadcrumb\"},\"inLanguage\":\"at-AT\",\"potentialAction\":[{\"@type\":\"ReadAction\",\"target\":[\"https:\\\/\\\/online-eingabe.lva24.at\\\/at\\\/aerztehaftung\\\/\"]}]},{\"@type\":\"BreadcrumbList\",\"@id\":\"https:\\\/\\\/online-eingabe.lva24.at\\\/at\\\/aerztehaftung\\\/#breadcrumb\",\"itemListElement\":[{\"@type\":\"ListItem\",\"position\":1,\"name\":\"Home\",\"item\":\"https:\\\/\\\/online-eingabe.lva24.at\\\/at\\\/\"},{\"@type\":\"ListItem\",\"position\":2,\"name\":\"\u00c4rztehaftung\"}]},{\"@type\":\"WebSite\",\"@id\":\"https:\\\/\\\/online-eingabe.lva24.at\\\/at\\\/#website\",\"url\":\"https:\\\/\\\/online-eingabe.lva24.at\\\/at\\\/\",\"name\":\"LVA24 Prozessfinanzierungs GmbH\",\"description\":\"\",\"publisher\":{\"@id\":\"https:\\\/\\\/online-eingabe.lva24.at\\\/at\\\/#organization\"},\"potentialAction\":[{\"@type\":\"SearchAction\",\"target\":{\"@type\":\"EntryPoint\",\"urlTemplate\":\"https:\\\/\\\/online-eingabe.lva24.at\\\/at\\\/?s={search_term_string}\"},\"query-input\":{\"@type\":\"PropertyValueSpecification\",\"valueRequired\":true,\"valueName\":\"search_term_string\"}}],\"inLanguage\":\"at-AT\"},{\"@type\":\"Organization\",\"@id\":\"https:\\\/\\\/online-eingabe.lva24.at\\\/at\\\/#organization\",\"name\":\"LVA24 Prozessfinanzierungs GmbH\",\"url\":\"https:\\\/\\\/online-eingabe.lva24.at\\\/at\\\/\",\"logo\":{\"@type\":\"ImageObject\",\"inLanguage\":\"at-AT\",\"@id\":\"https:\\\/\\\/online-eingabe.lva24.at\\\/at\\\/#\\\/schema\\\/logo\\\/image\\\/\",\"url\":\"https:\\\/\\\/online-eingabe.lva24.at\\\/wp-content\\\/uploads\\\/2021\\\/08\\\/Lva24-logo.jpg\",\"contentUrl\":\"https:\\\/\\\/online-eingabe.lva24.at\\\/wp-content\\\/uploads\\\/2021\\\/08\\\/Lva24-logo.jpg\",\"width\":300,\"height\":205,\"caption\":\"LVA24 Prozessfinanzierungs GmbH\"},\"image\":{\"@id\":\"https:\\\/\\\/online-eingabe.lva24.at\\\/at\\\/#\\\/schema\\\/logo\\\/image\\\/\"}}]}<\/script>\n<!-- \/ Yoast SEO plugin. -->","yoast_head_json":{"title":"\u00c4rztehaftung - LVA24 Prozessfinanzierungs GmbH","robots":{"index":"noindex","follow":"follow","max-snippet":"max-snippet:-1","max-image-preview":"max-image-preview:large","max-video-preview":"max-video-preview:-1"},"og_locale":"en_US","og_type":"article","og_title":"\u00c4rztehaftung - LVA24 Prozessfinanzierungs GmbH","og_description":"[vc_row full_width=&#8221;stretch_row&#8221; remove_bottom_col_margin=&#8221;true&#8221; css=&#8221;.vc_custom_1540278976607{padding-top: 15px !important;padding-bottom: 15px !important;background-color: #ffffff !important;}&#8221;][vc_column][vc_single_image image=&#8221;1138&#8243; alignment=&#8221;center&#8221; onclick=&#8221;custom_link&#8221; link=&#8221;https:\/\/online-eingabe.lva24.at\/at\/#scroll&#8221;][\/vc_column][\/vc_row][vc_row full_width=&#8221;stretch_row&#8221; full_height=&#8221;yes&#8221; css=&#8221;.vc_custom_1540279019906{padding-top: 160px !important;padding-bottom: 160px !important;background-color: #40bfe5 !important;}&#8221;][vc_column][\/vc_column][\/vc_row][vc_row css=&#8221;.vc_custom_1540279837926{padding-top: 60px !important;padding-bottom: 60px !important;}&#8221;][vc_column width=&#8221;1\/3&#8243;][\/vc_column][vc_column width=&#8221;1\/3&#8243;][\/vc_column][vc_column width=&#8221;1\/3&#8243;][\/vc_column][\/vc_row][vc_row full_width=&#8221;stretch_row_content&#8221; equal_height=&#8221;yes&#8221;][vc_column width=&#8221;1\/2&#8243; css=&#8221;.vc_custom_1540279665515{margin-bottom: 0px !important;background-color: #40bfe5 !important;}&#8221;][vc_row_inner][vc_column_inner width=&#8221;1\/6&#8243;][\/vc_column_inner][vc_column_inner&hellip;","og_url":"https:\/\/online-eingabe.lva24.at\/at\/aerztehaftung\/","og_site_name":"LVA24 Prozessfinanzierungs GmbH","article_modified_time":"2019-11-26T11:17:00+00:00","twitter_card":"summary_large_image","twitter_misc":{"Est. reading time":"4 minutes"},"schema":{"@context":"https:\/\/schema.org","@graph":[{"@type":"WebPage","@id":"https:\/\/online-eingabe.lva24.at\/at\/aerztehaftung\/","url":"https:\/\/online-eingabe.lva24.at\/at\/aerztehaftung\/","name":"\u00c4rztehaftung - LVA24 Prozessfinanzierungs GmbH","isPartOf":{"@id":"https:\/\/online-eingabe.lva24.at\/at\/#website"},"datePublished":"2019-11-14T10:23:34+00:00","dateModified":"2019-11-26T11:17:00+00:00","breadcrumb":{"@id":"https:\/\/online-eingabe.lva24.at\/at\/aerztehaftung\/#breadcrumb"},"inLanguage":"at-AT","potentialAction":[{"@type":"ReadAction","target":["https:\/\/online-eingabe.lva24.at\/at\/aerztehaftung\/"]}]},{"@type":"BreadcrumbList","@id":"https:\/\/online-eingabe.lva24.at\/at\/aerztehaftung\/#breadcrumb","itemListElement":[{"@type":"ListItem","position":1,"name":"Home","item":"https:\/\/online-eingabe.lva24.at\/at\/"},{"@type":"ListItem","position":2,"name":"\u00c4rztehaftung"}]},{"@type":"WebSite","@id":"https:\/\/online-eingabe.lva24.at\/at\/#website","url":"https:\/\/online-eingabe.lva24.at\/at\/","name":"LVA24 Prozessfinanzierungs GmbH","description":"","publisher":{"@id":"https:\/\/online-eingabe.lva24.at\/at\/#organization"},"potentialAction":[{"@type":"SearchAction","target":{"@type":"EntryPoint","urlTemplate":"https:\/\/online-eingabe.lva24.at\/at\/?s={search_term_string}"},"query-input":{"@type":"PropertyValueSpecification","valueRequired":true,"valueName":"search_term_string"}}],"inLanguage":"at-AT"},{"@type":"Organization","@id":"https:\/\/online-eingabe.lva24.at\/at\/#organization","name":"LVA24 Prozessfinanzierungs GmbH","url":"https:\/\/online-eingabe.lva24.at\/at\/","logo":{"@type":"ImageObject","inLanguage":"at-AT","@id":"https:\/\/online-eingabe.lva24.at\/at\/#\/schema\/logo\/image\/","url":"https:\/\/online-eingabe.lva24.at\/wp-content\/uploads\/2021\/08\/Lva24-logo.jpg","contentUrl":"https:\/\/online-eingabe.lva24.at\/wp-content\/uploads\/2021\/08\/Lva24-logo.jpg","width":300,"height":205,"caption":"LVA24 Prozessfinanzierungs GmbH"},"image":{"@id":"https:\/\/online-eingabe.lva24.at\/at\/#\/schema\/logo\/image\/"}}]}},"_links":{"self":[{"href":"https:\/\/online-eingabe.lva24.at\/at\/wp-json\/wp\/v2\/pages\/2185","targetHints":{"allow":["GET"]}}],"collection":[{"href":"https:\/\/online-eingabe.lva24.at\/at\/wp-json\/wp\/v2\/pages"}],"about":[{"href":"https:\/\/online-eingabe.lva24.at\/at\/wp-json\/wp\/v2\/types\/page"}],"author":[{"embeddable":true,"href":"https:\/\/online-eingabe.lva24.at\/at\/wp-json\/wp\/v2\/users\/17"}],"replies":[{"embeddable":true,"href":"https:\/\/online-eingabe.lva24.at\/at\/wp-json\/wp\/v2\/comments?post=2185"}],"version-history":[{"count":11,"href":"https:\/\/online-eingabe.lva24.at\/at\/wp-json\/wp\/v2\/pages\/2185\/revisions"}],"predecessor-version":[{"id":2804,"href":"https:\/\/online-eingabe.lva24.at\/at\/wp-json\/wp\/v2\/pages\/2185\/revisions\/2804"}],"wp:attachment":[{"href":"https:\/\/online-eingabe.lva24.at\/at\/wp-json\/wp\/v2\/media?parent=2185"}],"curies":[{"name":"wp","href":"https:\/\/api.w.org\/{rel}","templated":true}]}}