{"id":2206,"date":"2019-11-14T13:03:56","date_gmt":"2019-11-14T12:03:56","guid":{"rendered":"https:\/\/online-eingabe.lva24.at\/?page_id=2206"},"modified":"2019-12-03T12:34:01","modified_gmt":"2019-12-03T11:34:01","slug":"allgemeine-anfragen","status":"publish","type":"page","link":"https:\/\/online-eingabe.lva24.at\/at\/allgemeine-anfragen\/","title":{"rendered":"Allgemeine Anfragen"},"content":{"rendered":"[vc_row full_width=&#8221;stretch_row&#8221; remove_bottom_col_margin=&#8221;true&#8221; css=&#8221;.vc_custom_1540278976607{padding-top: 15px !important;padding-bottom: 15px !important;background-color: #ffffff !important;}&#8221;][vc_column][vc_single_image image=&#8221;1138&#8243; alignment=&#8221;center&#8221; onclick=&#8221;custom_link&#8221; link=&#8221;https:\/\/online-eingabe.lva24.at\/at\/#scroll&#8221;][\/vc_column][\/vc_row][vc_row full_width=&#8221;stretch_row&#8221; full_height=&#8221;yes&#8221; css=&#8221;.vc_custom_1574143245357{background-color: #40bfe5 !important;}&#8221;][vc_column][vc_empty_space height=&#8221;30px&#8221;]<h1 class=\"vcex-module vcex-heading vcex-heading-plain\" style=\"color:#ffffff;font-size:54px;text-align:center;\"><span class=\"vcex-heading-inner clr\">Allgemeine Anfragen zwecks<br \/>\nindividueller Prozessfinanzierung<\/span><\/h1>[vc_empty_space height=&#8221;30px&#8221;]<div class=\"textcenter theme-button-wrap clr\"><a href=\"##anmeldung\" title=\"Kontaktformular\" class=\"vcex-button theme-button outline white align-center inline hvr hvr-float-shadow\" style=\"padding-top:12px;padding-right:30px;padding-bottom:12px;padding-left:30px;font-size:24px;font-weight:400;letter-spacing:2px;border-radius:99px;text-transform:uppercase;\"><span class=\"theme-button-inner\">Kontaktaufnahme<\/span><\/a><\/div> [\/vc_column][\/vc_row][vc_row][vc_column width=&#8221;1\/3&#8243;][vc_empty_space height=&#8221;50px&#8221;]<div class=\"vcex-module vcex-icon-box clr vcex-icon-box-two\"><div class=\"vcex-icon-box-icon\" style=\"color:#40bfe5;font-size:38px;\"><span class=\"fa fa-bars\" aria-hidden=\"true\"><\/span><\/div><div class=\"vcex-icon-box-heading\">Schritt 1<\/div><div class=\"vcex-icon-box-content clr\"><p>F\u00fcllen Sie das Kontaktformular aus und \u00fcbermitteln Sie uns kurz und aussagekr\u00e4ftig den Sachverhalt sowie s\u00e4mtliche vorhandene Unterlagen zum Fall (zB Gutachten, Vertr\u00e4ge, diverse Aufzeichnungen, etc.). Dies kann idealerweise auch durch Ihren Rechtsanwalt erfolgen.<\/p>\n<\/div><\/div>[\/vc_column][vc_column width=&#8221;1\/3&#8243;][vc_empty_space height=&#8221;50px&#8221;]<div class=\"vcex-module vcex-icon-box clr vcex-icon-box-two\"><div class=\"vcex-icon-box-icon\" style=\"color:#40bfe5;font-size:38px;\"><span class=\"fa fa-comments\" aria-hidden=\"true\"><\/span><\/div><div class=\"vcex-icon-box-heading\">Schritt 2<\/div><div class=\"vcex-icon-box-content clr\"><p>Nach erfolgter interner Pr\u00fcfung teilen wir Ihnen mit, ob wir diesen Fall auf Basis eines Prozessfinanzierungsvertrages als Prozessfinanzierer \u00fcbernehmen.<\/p>\n<\/div><\/div>[\/vc_column][vc_column width=&#8221;1\/3&#8243;][vc_empty_space height=&#8221;50px&#8221;]<div class=\"vcex-module vcex-icon-box clr vcex-icon-box-two\"><div class=\"vcex-icon-box-icon\" style=\"color:#40bfe5;font-size:38px;\"><span class=\"fa fa-bullhorn\" aria-hidden=\"true\"><\/span><\/div><div class=\"vcex-icon-box-heading\">Schritt 3<\/div><div class=\"vcex-icon-box-content clr\"><p>Sie werden \u00fcber den Prozessfortgang laufend informiert. Im Erfolgsfall wird die Aufteilung des zugesprochenen Geldbetrages durch den einschreitenden Rechtsanwalt zur Aufteilung gebracht.<\/p>\n<\/div><\/div>[\/vc_column][\/vc_row][vc_row full_width=&#8221;stretch_row_content&#8221; equal_height=&#8221;yes&#8221;][vc_column width=&#8221;1\/2&#8243; css=&#8221;.vc_custom_1540279665515{margin-bottom: 0px !important;background-color: #40bfe5 !important;}&#8221;][vc_row_inner][vc_column_inner width=&#8221;1\/6&#8243;][\/vc_column_inner][vc_column_inner width=&#8221;2\/3&#8243;]<div class=\"vcex-spacing\" style=\"height:30px\"><\/div><div class=\"vcex-spacing\" style=\"height:30px\"><\/div>[vc_column_text css=&#8221;.vc_custom_1574170687146{margin-bottom: 5px !important;}&#8221; color=&#8221;#ffffff&#8221;]LVA24 ist Mitglied einer wirtschaftlich erfolgreichen Konzerngruppe und kann als solches unabh\u00e4ngig und wirksam die Finanzierung der Durchsetzung Ihrer Anspr\u00fcche sicherstellen.<\/p>\n<p>Die LVA24 hat es sich zum Ziel gesetzt, Menschen bei der Durchsetzung ihrer Rechte zu unterst\u00fctzen.<\/p>\n<p>Bei F\u00e4llen, mit geringerer Schadensh\u00f6he aber \u00e4hnlichem Sachverhalt haben sich Sammelklagen als effektives Mittel zur Durchsetzung von Anspr\u00fcchen erwiesen.<\/p>\n<p>LVA24 \u00fcbernimmt jedoch auch die Einzelfinanzierung individueller Anspr\u00fcche nach gesonderter Pr\u00fcfung im Rahmen von Gerichtsprozessen. Dies erfolgt auf Basis eines individuell zu vereinbarenden Prozessfinanzierungsvertrages.<\/p>\n<p>Langj\u00e4hrige Erfahrung und professionelles Know-How zeichnen den Stil der LVA24 aus. Das Expertennetzwerk der LVA24 umfasst u.a. die Bereiche Recht, Finanzen, Wirtschaft, Bauwesen oder Medizin und schafft damit eine hochwertige Wissensbasis f\u00fcr eine erfolgreiche Abwicklung der Durchsetzung Ihrer Anspr\u00fcche.<\/p>\n<p>LVA24 k\u00fcmmert sich um die administrative Abwicklung mit dem Anwalt Ihres Vertrauens oder Anw\u00e4lten, die \u00fcber entsprechende Erfahrung im jeweiligen Rechtsgebiet verf\u00fcgen.<\/p>\n<p>Voraussetzung f\u00fcr eine Einzelfinanzierung ist das Erreichen einer Wertgrenze in Form einer Schadensumme von zumindest EUR 50.000, -. Nach eingehender Pr\u00fcfung \u00fcbernimmt die LVA24 als Prozessfinanzierer das gesamte Prozesskostenrisiko inklusive Rechtsanwalts-, Gerichts-, Gutachten- und gegnerischer Kosten.[\/vc_column_text]<div class=\"vcex-spacing\" style=\"height:30px\"><\/div><a href=\"https:\/\/online-eingabe.lva24.at\/at\/faq\/#1573805873488-61c7ff57-7777\" class=\"vcex-button theme-button white small inline animate-on-hover\" style=\"color:#40bfe5;text-transform:uppercase;\" data-wpex-hover='{\"color\":\"#00afe5\"}'><span class=\"theme-button-inner\">Hier mehr erfahren<\/span><\/a> [\/vc_column_inner][vc_column_inner width=&#8221;1\/6&#8243;][\/vc_column_inner][\/vc_row_inner][\/vc_column][vc_column parallax=&#8221;content-moving&#8221; parallax_image=&#8221;1227&#8243; width=&#8221;1\/2&#8243; offset=&#8221;vc_hidden-sm vc_hidden-xs&#8221;][\/vc_column][\/vc_row][vc_row el_id=&#8221;#anmeldung&#8221;][vc_column][vc_empty_space][vc_empty_space]<h2 class=\"vcex-module vcex-heading vcex-heading-plain\" style=\"color:#40bfe5;font-size:35px;text-align:center;\"><span class=\"vcex-heading-inner clr\">Kontakt<\/span><\/h2>[vc_empty_space]Please select a valid form[\/vc_column][\/vc_row][vc_row][vc_column][\/vc_column][\/vc_row]\n","protected":false},"excerpt":{"rendered":"<p>[vc_row full_width=&#8221;stretch_row&#8221; remove_bottom_col_margin=&#8221;true&#8221; css=&#8221;.vc_custom_1540278976607{padding-top: 15px !important;padding-bottom: 15px !important;background-color: #ffffff !important;}&#8221;][vc_column][vc_single_image image=&#8221;1138&#8243; alignment=&#8221;center&#8221; onclick=&#8221;custom_link&#8221; link=&#8221;https:\/\/online-eingabe.lva24.at\/at\/#scroll&#8221;][\/vc_column][\/vc_row][vc_row full_width=&#8221;stretch_row&#8221; full_height=&#8221;yes&#8221; css=&#8221;.vc_custom_1574143245357{background-color: #40bfe5 !important;}&#8221;][vc_column][vc_empty_space height=&#8221;30px&#8221;][vc_empty_space height=&#8221;30px&#8221;][\/vc_column][\/vc_row][vc_row][vc_column width=&#8221;1\/3&#8243;][vc_empty_space height=&#8221;50px&#8221;][\/vc_column][vc_column width=&#8221;1\/3&#8243;][vc_empty_space height=&#8221;50px&#8221;][\/vc_column][vc_column width=&#8221;1\/3&#8243;][vc_empty_space height=&#8221;50px&#8221;][\/vc_column][\/vc_row][vc_row full_width=&#8221;stretch_row_content&#8221; equal_height=&#8221;yes&#8221;][vc_column width=&#8221;1\/2&#8243; css=&#8221;.vc_custom_1540279665515{margin-bottom: 0px !important;background-color: #40bfe5 !important;}&#8221;][vc_row_inner][vc_column_inner width=&#8221;1\/6&#8243;][\/vc_column_inner][vc_column_inner width=&#8221;2\/3&#8243;][vc_column_text css=&#8221;.vc_custom_1574170687146{margin-bottom: 5px !important;}&#8221;&hellip;<\/p>\n","protected":false},"author":17,"featured_media":0,"parent":0,"menu_order":0,"comment_status":"closed","ping_status":"closed","template":"","meta":{"footnotes":""},"class_list":["post-2206","page","type-page","status-publish","hentry","entry","no-media"],"yoast_head":"<!-- This site is optimized with the Yoast SEO plugin v27.4 - https:\/\/yoast.com\/product\/yoast-seo-wordpress\/ -->\n<title>Allgemeine Anfragen - LVA24 Prozessfinanzierungs GmbH<\/title>\n<meta name=\"robots\" content=\"noindex, follow, max-snippet:-1, max-image-preview:large, max-video-preview:-1\" \/>\n<meta property=\"og:locale\" content=\"en_US\" \/>\n<meta property=\"og:type\" content=\"article\" \/>\n<meta property=\"og:title\" content=\"Allgemeine Anfragen - LVA24 Prozessfinanzierungs GmbH\" \/>\n<meta property=\"og:description\" content=\"[vc_row full_width=&#8221;stretch_row&#8221; remove_bottom_col_margin=&#8221;true&#8221; css=&#8221;.vc_custom_1540278976607{padding-top: 15px !important;padding-bottom: 15px !important;background-color: #ffffff !important;}&#8221;][vc_column][vc_single_image image=&#8221;1138&#8243; alignment=&#8221;center&#8221; onclick=&#8221;custom_link&#8221; link=&#8221;https:\/\/online-eingabe.lva24.at\/at\/#scroll&#8221;][\/vc_column][\/vc_row][vc_row full_width=&#8221;stretch_row&#8221; full_height=&#8221;yes&#8221; css=&#8221;.vc_custom_1574143245357{background-color: #40bfe5 !important;}&#8221;][vc_column][vc_empty_space height=&#8221;30px&#8221;][vc_empty_space height=&#8221;30px&#8221;][\/vc_column][\/vc_row][vc_row][vc_column width=&#8221;1\/3&#8243;][vc_empty_space height=&#8221;50px&#8221;][\/vc_column][vc_column width=&#8221;1\/3&#8243;][vc_empty_space height=&#8221;50px&#8221;][\/vc_column][vc_column width=&#8221;1\/3&#8243;][vc_empty_space height=&#8221;50px&#8221;][\/vc_column][\/vc_row][vc_row full_width=&#8221;stretch_row_content&#8221; equal_height=&#8221;yes&#8221;][vc_column width=&#8221;1\/2&#8243; css=&#8221;.vc_custom_1540279665515{margin-bottom: 0px !important;background-color: #40bfe5 !important;}&#8221;][vc_row_inner][vc_column_inner width=&#8221;1\/6&#8243;][\/vc_column_inner][vc_column_inner width=&#8221;2\/3&#8243;][vc_column_text css=&#8221;.vc_custom_1574170687146{margin-bottom: 5px !important;}&#8221;&hellip;\" \/>\n<meta property=\"og:url\" content=\"https:\/\/online-eingabe.lva24.at\/at\/allgemeine-anfragen\/\" \/>\n<meta property=\"og:site_name\" content=\"LVA24 Prozessfinanzierungs GmbH\" \/>\n<meta property=\"article:modified_time\" content=\"2019-12-03T11:34:01+00:00\" \/>\n<meta name=\"twitter:card\" content=\"summary_large_image\" \/>\n<meta name=\"twitter:label1\" content=\"Est. reading time\" \/>\n\t<meta name=\"twitter:data1\" content=\"3 minutes\" \/>\n<script type=\"application\/ld+json\" class=\"yoast-schema-graph\">{\"@context\":\"https:\\\/\\\/schema.org\",\"@graph\":[{\"@type\":\"WebPage\",\"@id\":\"https:\\\/\\\/online-eingabe.lva24.at\\\/at\\\/allgemeine-anfragen\\\/\",\"url\":\"https:\\\/\\\/online-eingabe.lva24.at\\\/at\\\/allgemeine-anfragen\\\/\",\"name\":\"Allgemeine Anfragen - LVA24 Prozessfinanzierungs GmbH\",\"isPartOf\":{\"@id\":\"https:\\\/\\\/online-eingabe.lva24.at\\\/at\\\/#website\"},\"datePublished\":\"2019-11-14T12:03:56+00:00\",\"dateModified\":\"2019-12-03T11:34:01+00:00\",\"breadcrumb\":{\"@id\":\"https:\\\/\\\/online-eingabe.lva24.at\\\/at\\\/allgemeine-anfragen\\\/#breadcrumb\"},\"inLanguage\":\"at-AT\",\"potentialAction\":[{\"@type\":\"ReadAction\",\"target\":[\"https:\\\/\\\/online-eingabe.lva24.at\\\/at\\\/allgemeine-anfragen\\\/\"]}]},{\"@type\":\"BreadcrumbList\",\"@id\":\"https:\\\/\\\/online-eingabe.lva24.at\\\/at\\\/allgemeine-anfragen\\\/#breadcrumb\",\"itemListElement\":[{\"@type\":\"ListItem\",\"position\":1,\"name\":\"Home\",\"item\":\"https:\\\/\\\/online-eingabe.lva24.at\\\/at\\\/\"},{\"@type\":\"ListItem\",\"position\":2,\"name\":\"Allgemeine Anfragen\"}]},{\"@type\":\"WebSite\",\"@id\":\"https:\\\/\\\/online-eingabe.lva24.at\\\/at\\\/#website\",\"url\":\"https:\\\/\\\/online-eingabe.lva24.at\\\/at\\\/\",\"name\":\"LVA24 Prozessfinanzierungs GmbH\",\"description\":\"\",\"publisher\":{\"@id\":\"https:\\\/\\\/online-eingabe.lva24.at\\\/at\\\/#organization\"},\"potentialAction\":[{\"@type\":\"SearchAction\",\"target\":{\"@type\":\"EntryPoint\",\"urlTemplate\":\"https:\\\/\\\/online-eingabe.lva24.at\\\/at\\\/?s={search_term_string}\"},\"query-input\":{\"@type\":\"PropertyValueSpecification\",\"valueRequired\":true,\"valueName\":\"search_term_string\"}}],\"inLanguage\":\"at-AT\"},{\"@type\":\"Organization\",\"@id\":\"https:\\\/\\\/online-eingabe.lva24.at\\\/at\\\/#organization\",\"name\":\"LVA24 Prozessfinanzierungs GmbH\",\"url\":\"https:\\\/\\\/online-eingabe.lva24.at\\\/at\\\/\",\"logo\":{\"@type\":\"ImageObject\",\"inLanguage\":\"at-AT\",\"@id\":\"https:\\\/\\\/online-eingabe.lva24.at\\\/at\\\/#\\\/schema\\\/logo\\\/image\\\/\",\"url\":\"https:\\\/\\\/online-eingabe.lva24.at\\\/wp-content\\\/uploads\\\/2021\\\/08\\\/Lva24-logo.jpg\",\"contentUrl\":\"https:\\\/\\\/online-eingabe.lva24.at\\\/wp-content\\\/uploads\\\/2021\\\/08\\\/Lva24-logo.jpg\",\"width\":300,\"height\":205,\"caption\":\"LVA24 Prozessfinanzierungs GmbH\"},\"image\":{\"@id\":\"https:\\\/\\\/online-eingabe.lva24.at\\\/at\\\/#\\\/schema\\\/logo\\\/image\\\/\"}}]}<\/script>\n<!-- \/ Yoast SEO plugin. -->","yoast_head_json":{"title":"Allgemeine Anfragen - LVA24 Prozessfinanzierungs GmbH","robots":{"index":"noindex","follow":"follow","max-snippet":"max-snippet:-1","max-image-preview":"max-image-preview:large","max-video-preview":"max-video-preview:-1"},"og_locale":"en_US","og_type":"article","og_title":"Allgemeine Anfragen - LVA24 Prozessfinanzierungs GmbH","og_description":"[vc_row full_width=&#8221;stretch_row&#8221; remove_bottom_col_margin=&#8221;true&#8221; css=&#8221;.vc_custom_1540278976607{padding-top: 15px !important;padding-bottom: 15px !important;background-color: #ffffff !important;}&#8221;][vc_column][vc_single_image image=&#8221;1138&#8243; alignment=&#8221;center&#8221; onclick=&#8221;custom_link&#8221; link=&#8221;https:\/\/online-eingabe.lva24.at\/at\/#scroll&#8221;][\/vc_column][\/vc_row][vc_row full_width=&#8221;stretch_row&#8221; full_height=&#8221;yes&#8221; css=&#8221;.vc_custom_1574143245357{background-color: #40bfe5 !important;}&#8221;][vc_column][vc_empty_space height=&#8221;30px&#8221;][vc_empty_space height=&#8221;30px&#8221;][\/vc_column][\/vc_row][vc_row][vc_column width=&#8221;1\/3&#8243;][vc_empty_space height=&#8221;50px&#8221;][\/vc_column][vc_column width=&#8221;1\/3&#8243;][vc_empty_space height=&#8221;50px&#8221;][\/vc_column][vc_column width=&#8221;1\/3&#8243;][vc_empty_space height=&#8221;50px&#8221;][\/vc_column][\/vc_row][vc_row full_width=&#8221;stretch_row_content&#8221; equal_height=&#8221;yes&#8221;][vc_column width=&#8221;1\/2&#8243; css=&#8221;.vc_custom_1540279665515{margin-bottom: 0px !important;background-color: #40bfe5 !important;}&#8221;][vc_row_inner][vc_column_inner width=&#8221;1\/6&#8243;][\/vc_column_inner][vc_column_inner width=&#8221;2\/3&#8243;][vc_column_text css=&#8221;.vc_custom_1574170687146{margin-bottom: 5px !important;}&#8221;&hellip;","og_url":"https:\/\/online-eingabe.lva24.at\/at\/allgemeine-anfragen\/","og_site_name":"LVA24 Prozessfinanzierungs GmbH","article_modified_time":"2019-12-03T11:34:01+00:00","twitter_card":"summary_large_image","twitter_misc":{"Est. reading time":"3 minutes"},"schema":{"@context":"https:\/\/schema.org","@graph":[{"@type":"WebPage","@id":"https:\/\/online-eingabe.lva24.at\/at\/allgemeine-anfragen\/","url":"https:\/\/online-eingabe.lva24.at\/at\/allgemeine-anfragen\/","name":"Allgemeine Anfragen - LVA24 Prozessfinanzierungs GmbH","isPartOf":{"@id":"https:\/\/online-eingabe.lva24.at\/at\/#website"},"datePublished":"2019-11-14T12:03:56+00:00","dateModified":"2019-12-03T11:34:01+00:00","breadcrumb":{"@id":"https:\/\/online-eingabe.lva24.at\/at\/allgemeine-anfragen\/#breadcrumb"},"inLanguage":"at-AT","potentialAction":[{"@type":"ReadAction","target":["https:\/\/online-eingabe.lva24.at\/at\/allgemeine-anfragen\/"]}]},{"@type":"BreadcrumbList","@id":"https:\/\/online-eingabe.lva24.at\/at\/allgemeine-anfragen\/#breadcrumb","itemListElement":[{"@type":"ListItem","position":1,"name":"Home","item":"https:\/\/online-eingabe.lva24.at\/at\/"},{"@type":"ListItem","position":2,"name":"Allgemeine Anfragen"}]},{"@type":"WebSite","@id":"https:\/\/online-eingabe.lva24.at\/at\/#website","url":"https:\/\/online-eingabe.lva24.at\/at\/","name":"LVA24 Prozessfinanzierungs GmbH","description":"","publisher":{"@id":"https:\/\/online-eingabe.lva24.at\/at\/#organization"},"potentialAction":[{"@type":"SearchAction","target":{"@type":"EntryPoint","urlTemplate":"https:\/\/online-eingabe.lva24.at\/at\/?s={search_term_string}"},"query-input":{"@type":"PropertyValueSpecification","valueRequired":true,"valueName":"search_term_string"}}],"inLanguage":"at-AT"},{"@type":"Organization","@id":"https:\/\/online-eingabe.lva24.at\/at\/#organization","name":"LVA24 Prozessfinanzierungs GmbH","url":"https:\/\/online-eingabe.lva24.at\/at\/","logo":{"@type":"ImageObject","inLanguage":"at-AT","@id":"https:\/\/online-eingabe.lva24.at\/at\/#\/schema\/logo\/image\/","url":"https:\/\/online-eingabe.lva24.at\/wp-content\/uploads\/2021\/08\/Lva24-logo.jpg","contentUrl":"https:\/\/online-eingabe.lva24.at\/wp-content\/uploads\/2021\/08\/Lva24-logo.jpg","width":300,"height":205,"caption":"LVA24 Prozessfinanzierungs GmbH"},"image":{"@id":"https:\/\/online-eingabe.lva24.at\/at\/#\/schema\/logo\/image\/"}}]}},"_links":{"self":[{"href":"https:\/\/online-eingabe.lva24.at\/at\/wp-json\/wp\/v2\/pages\/2206","targetHints":{"allow":["GET"]}}],"collection":[{"href":"https:\/\/online-eingabe.lva24.at\/at\/wp-json\/wp\/v2\/pages"}],"about":[{"href":"https:\/\/online-eingabe.lva24.at\/at\/wp-json\/wp\/v2\/types\/page"}],"author":[{"embeddable":true,"href":"https:\/\/online-eingabe.lva24.at\/at\/wp-json\/wp\/v2\/users\/17"}],"replies":[{"embeddable":true,"href":"https:\/\/online-eingabe.lva24.at\/at\/wp-json\/wp\/v2\/comments?post=2206"}],"version-history":[{"count":36,"href":"https:\/\/online-eingabe.lva24.at\/at\/wp-json\/wp\/v2\/pages\/2206\/revisions"}],"predecessor-version":[{"id":3095,"href":"https:\/\/online-eingabe.lva24.at\/at\/wp-json\/wp\/v2\/pages\/2206\/revisions\/3095"}],"wp:attachment":[{"href":"https:\/\/online-eingabe.lva24.at\/at\/wp-json\/wp\/v2\/media?parent=2206"}],"curies":[{"name":"wp","href":"https:\/\/api.w.org\/{rel}","templated":true}]}}