{"id":3364,"date":"2018-08-19T10:03:20","date_gmt":"2018-08-19T08:03:20","guid":{"rendered":"https:\/\/online-eingabe.lva24.at\/impressum\/"},"modified":"2019-12-18T13:48:22","modified_gmt":"2019-12-18T12:48:22","slug":"impressum","status":"publish","type":"page","link":"https:\/\/online-eingabe.lva24.at\/de\/impressum\/","title":{"rendered":"Impressum"},"content":{"rendered":"[vc_row][vc_column][vc_column_text]<strong>LVA24 Prozessfinanzierung GmbH<\/strong><br \/>\nFaradaygasse 6<br \/>\n1030 Wien<\/p>\n<p>Tel.: +43 (0) 810 95 98 08<br \/>\nE-Mail: <span class=\"wpex-inline\">office@de.lva24.com<\/span><\/p>\n<p>100% Tochtergesellschaft der Green Finance Group AG<\/p>\n<p>Gesch\u00e4ftsf\u00fchrer: Ing. Christian Schauer<\/p>\n<p>Firmenbuchnummer: 453834d<br \/>\nHandelsgericht Wien<\/p>\n<p>UST-ID:\u00a0ATU71477127<\/p>\n<p><b>Aufsichtsbeh\u00f6rde:<\/b><br \/>\nMagistrat der Stadt\u00a0Wien<br \/>\n1030 Wien,\u00a0Karl-Borrom\u00e4us-Platz 3<\/p>\n<p>Gewerbe- und berufsrechtliche Vorschriften:<br \/>\nInformationen \u00fcber die Firmenidentit\u00e4t entsprechend \u00a7 5 E-Commerce-Gesetz\u00a0(Zugang zu diesen Vorschriften unter\u00a0<a title=\"ris.bka.gv.at\" href=\"https:\/\/www.ris.bka.gv.at\/\" target=\"_blank\" rel=\"noopener noreferrer\">https:\/\/www.ris.bka.gv.at<\/a>)<\/p>\n<p>Da f\u00fcr die Prozessfinanzierung laut Auskunft des Bundesministeriums f\u00fcr Wissenschaft, Forschung und Wirtschaft gem\u00e4\u00df \u00a7 2 Abs. 1 Z 14 GewO 1994 keine Gewerbeanmeldung notwendig ist, hat die LVA24 Prozessfinanzierung GmbH aus rechtlicher Umsicht das Gewerbe\u00a0&#8222;Gewerbliche Verm\u00f6gensberatung mit Berechtigung zur Vermittlung von Lebens- und Unfallversicherungen in der Form Versicherungsmakler und Berater in Versicherungsangelegenheiten&#8220; angemeldet:\u00a0GISA-Zahl\u00a029813469<a href=\"mailto:office@de.lva24.com\"><span class=\"wpex-inline\">\u00a0<\/span><\/a>[\/vc_column_text][\/vc_column][\/vc_row]\n","protected":false},"excerpt":{"rendered":"<p>[vc_row][vc_column][vc_column_text]LVA24 Prozessfinanzierung GmbH Faradaygasse 6 1030 Wien Tel.: +43 (0) 810 95 98 08 E-Mail: office@de.lva24.com 100% Tochtergesellschaft der Green Finance Group AG Gesch\u00e4ftsf\u00fchrer: Ing. Christian Schauer Firmenbuchnummer: 453834d Handelsgericht Wien UST-ID:\u00a0ATU71477127 Aufsichtsbeh\u00f6rde: Magistrat der Stadt\u00a0Wien 1030 Wien,\u00a0Karl-Borrom\u00e4us-Platz 3 Gewerbe-&hellip;<\/p>\n","protected":false},"author":17,"featured_media":0,"parent":0,"menu_order":0,"comment_status":"closed","ping_status":"closed","template":"templates\/no-sidebar.php","meta":{"footnotes":""},"class_list":["post-3364","page","type-page","status-publish","hentry","entry","no-media"],"yoast_head":"<!-- This site is optimized with the Yoast SEO plugin v27.4 - https:\/\/yoast.com\/product\/yoast-seo-wordpress\/ -->\n<title>Impressum - LVA24 Prozessfinanzierungs GmbH<\/title>\n<meta name=\"robots\" content=\"noindex, follow, max-snippet:-1, max-image-preview:large, max-video-preview:-1\" \/>\n<meta property=\"og:locale\" content=\"de_DE\" \/>\n<meta property=\"og:type\" content=\"article\" \/>\n<meta property=\"og:title\" content=\"Impressum - LVA24 Prozessfinanzierungs GmbH\" \/>\n<meta property=\"og:description\" content=\"[vc_row][vc_column][vc_column_text]LVA24 Prozessfinanzierung GmbH Faradaygasse 6 1030 Wien Tel.: +43 (0) 810 95 98 08 E-Mail: office@de.lva24.com 100% Tochtergesellschaft der Green Finance Group AG Gesch\u00e4ftsf\u00fchrer: Ing. Christian Schauer Firmenbuchnummer: 453834d Handelsgericht Wien UST-ID:\u00a0ATU71477127 Aufsichtsbeh\u00f6rde: Magistrat der Stadt\u00a0Wien 1030 Wien,\u00a0Karl-Borrom\u00e4us-Platz 3 Gewerbe-&hellip;\" \/>\n<meta property=\"og:url\" content=\"https:\/\/online-eingabe.lva24.at\/at\/impressum\/\" \/>\n<meta property=\"og:site_name\" content=\"LVA24 Prozessfinanzierungs GmbH\" \/>\n<meta property=\"article:modified_time\" content=\"2019-12-18T12:48:22+00:00\" \/>\n<meta name=\"twitter:card\" content=\"summary_large_image\" \/>\n<meta name=\"twitter:label1\" content=\"Gesch\u00e4tzte Lesezeit\" \/>\n\t<meta name=\"twitter:data1\" content=\"1\u00a0Minute\" \/>\n<script type=\"application\/ld+json\" class=\"yoast-schema-graph\">{\"@context\":\"https:\\\/\\\/schema.org\",\"@graph\":[{\"@type\":\"WebPage\",\"@id\":\"https:\\\/\\\/online-eingabe.lva24.at\\\/at\\\/impressum\\\/\",\"url\":\"https:\\\/\\\/online-eingabe.lva24.at\\\/at\\\/impressum\\\/\",\"name\":\"Impressum - LVA24 Prozessfinanzierungs GmbH\",\"isPartOf\":{\"@id\":\"https:\\\/\\\/online-eingabe.lva24.at\\\/at\\\/#website\"},\"datePublished\":\"2018-08-19T08:03:20+00:00\",\"dateModified\":\"2019-12-18T12:48:22+00:00\",\"breadcrumb\":{\"@id\":\"https:\\\/\\\/online-eingabe.lva24.at\\\/at\\\/impressum\\\/#breadcrumb\"},\"inLanguage\":\"de\",\"potentialAction\":[{\"@type\":\"ReadAction\",\"target\":[\"https:\\\/\\\/online-eingabe.lva24.at\\\/at\\\/impressum\\\/\"]}]},{\"@type\":\"BreadcrumbList\",\"@id\":\"https:\\\/\\\/online-eingabe.lva24.at\\\/at\\\/impressum\\\/#breadcrumb\",\"itemListElement\":[{\"@type\":\"ListItem\",\"position\":1,\"name\":\"Home\",\"item\":\"https:\\\/\\\/online-eingabe.lva24.at\\\/at\\\/\"},{\"@type\":\"ListItem\",\"position\":2,\"name\":\"Impressum\"}]},{\"@type\":\"WebSite\",\"@id\":\"https:\\\/\\\/online-eingabe.lva24.at\\\/at\\\/#website\",\"url\":\"https:\\\/\\\/online-eingabe.lva24.at\\\/at\\\/\",\"name\":\"LVA24 Prozessfinanzierungs GmbH\",\"description\":\"\",\"publisher\":{\"@id\":\"https:\\\/\\\/online-eingabe.lva24.at\\\/at\\\/#organization\"},\"potentialAction\":[{\"@type\":\"SearchAction\",\"target\":{\"@type\":\"EntryPoint\",\"urlTemplate\":\"https:\\\/\\\/online-eingabe.lva24.at\\\/at\\\/?s={search_term_string}\"},\"query-input\":{\"@type\":\"PropertyValueSpecification\",\"valueRequired\":true,\"valueName\":\"search_term_string\"}}],\"inLanguage\":\"de\"},{\"@type\":\"Organization\",\"@id\":\"https:\\\/\\\/online-eingabe.lva24.at\\\/at\\\/#organization\",\"name\":\"LVA24 Prozessfinanzierungs GmbH\",\"url\":\"https:\\\/\\\/online-eingabe.lva24.at\\\/at\\\/\",\"logo\":{\"@type\":\"ImageObject\",\"inLanguage\":\"de\",\"@id\":\"https:\\\/\\\/online-eingabe.lva24.at\\\/at\\\/#\\\/schema\\\/logo\\\/image\\\/\",\"url\":\"https:\\\/\\\/online-eingabe.lva24.at\\\/wp-content\\\/uploads\\\/2021\\\/08\\\/Lva24-logo.jpg\",\"contentUrl\":\"https:\\\/\\\/online-eingabe.lva24.at\\\/wp-content\\\/uploads\\\/2021\\\/08\\\/Lva24-logo.jpg\",\"width\":300,\"height\":205,\"caption\":\"LVA24 Prozessfinanzierungs GmbH\"},\"image\":{\"@id\":\"https:\\\/\\\/online-eingabe.lva24.at\\\/at\\\/#\\\/schema\\\/logo\\\/image\\\/\"}}]}<\/script>\n<!-- \/ Yoast SEO plugin. -->","yoast_head_json":{"title":"Impressum - LVA24 Prozessfinanzierungs GmbH","robots":{"index":"noindex","follow":"follow","max-snippet":"max-snippet:-1","max-image-preview":"max-image-preview:large","max-video-preview":"max-video-preview:-1"},"og_locale":"de_DE","og_type":"article","og_title":"Impressum - LVA24 Prozessfinanzierungs GmbH","og_description":"[vc_row][vc_column][vc_column_text]LVA24 Prozessfinanzierung GmbH Faradaygasse 6 1030 Wien Tel.: +43 (0) 810 95 98 08 E-Mail: office@de.lva24.com 100% Tochtergesellschaft der Green Finance Group AG Gesch\u00e4ftsf\u00fchrer: Ing. Christian Schauer Firmenbuchnummer: 453834d Handelsgericht Wien UST-ID:\u00a0ATU71477127 Aufsichtsbeh\u00f6rde: Magistrat der Stadt\u00a0Wien 1030 Wien,\u00a0Karl-Borrom\u00e4us-Platz 3 Gewerbe-&hellip;","og_url":"https:\/\/online-eingabe.lva24.at\/at\/impressum\/","og_site_name":"LVA24 Prozessfinanzierungs GmbH","article_modified_time":"2019-12-18T12:48:22+00:00","twitter_card":"summary_large_image","twitter_misc":{"Gesch\u00e4tzte Lesezeit":"1\u00a0Minute"},"schema":{"@context":"https:\/\/schema.org","@graph":[{"@type":"WebPage","@id":"https:\/\/online-eingabe.lva24.at\/at\/impressum\/","url":"https:\/\/online-eingabe.lva24.at\/at\/impressum\/","name":"Impressum - LVA24 Prozessfinanzierungs GmbH","isPartOf":{"@id":"https:\/\/online-eingabe.lva24.at\/at\/#website"},"datePublished":"2018-08-19T08:03:20+00:00","dateModified":"2019-12-18T12:48:22+00:00","breadcrumb":{"@id":"https:\/\/online-eingabe.lva24.at\/at\/impressum\/#breadcrumb"},"inLanguage":"de","potentialAction":[{"@type":"ReadAction","target":["https:\/\/online-eingabe.lva24.at\/at\/impressum\/"]}]},{"@type":"BreadcrumbList","@id":"https:\/\/online-eingabe.lva24.at\/at\/impressum\/#breadcrumb","itemListElement":[{"@type":"ListItem","position":1,"name":"Home","item":"https:\/\/online-eingabe.lva24.at\/at\/"},{"@type":"ListItem","position":2,"name":"Impressum"}]},{"@type":"WebSite","@id":"https:\/\/online-eingabe.lva24.at\/at\/#website","url":"https:\/\/online-eingabe.lva24.at\/at\/","name":"LVA24 Prozessfinanzierungs GmbH","description":"","publisher":{"@id":"https:\/\/online-eingabe.lva24.at\/at\/#organization"},"potentialAction":[{"@type":"SearchAction","target":{"@type":"EntryPoint","urlTemplate":"https:\/\/online-eingabe.lva24.at\/at\/?s={search_term_string}"},"query-input":{"@type":"PropertyValueSpecification","valueRequired":true,"valueName":"search_term_string"}}],"inLanguage":"de"},{"@type":"Organization","@id":"https:\/\/online-eingabe.lva24.at\/at\/#organization","name":"LVA24 Prozessfinanzierungs GmbH","url":"https:\/\/online-eingabe.lva24.at\/at\/","logo":{"@type":"ImageObject","inLanguage":"de","@id":"https:\/\/online-eingabe.lva24.at\/at\/#\/schema\/logo\/image\/","url":"https:\/\/online-eingabe.lva24.at\/wp-content\/uploads\/2021\/08\/Lva24-logo.jpg","contentUrl":"https:\/\/online-eingabe.lva24.at\/wp-content\/uploads\/2021\/08\/Lva24-logo.jpg","width":300,"height":205,"caption":"LVA24 Prozessfinanzierungs GmbH"},"image":{"@id":"https:\/\/online-eingabe.lva24.at\/at\/#\/schema\/logo\/image\/"}}]}},"_links":{"self":[{"href":"https:\/\/online-eingabe.lva24.at\/de\/wp-json\/wp\/v2\/pages\/3364","targetHints":{"allow":["GET"]}}],"collection":[{"href":"https:\/\/online-eingabe.lva24.at\/de\/wp-json\/wp\/v2\/pages"}],"about":[{"href":"https:\/\/online-eingabe.lva24.at\/de\/wp-json\/wp\/v2\/types\/page"}],"author":[{"embeddable":true,"href":"https:\/\/online-eingabe.lva24.at\/de\/wp-json\/wp\/v2\/users\/17"}],"replies":[{"embeddable":true,"href":"https:\/\/online-eingabe.lva24.at\/de\/wp-json\/wp\/v2\/comments?post=3364"}],"version-history":[{"count":2,"href":"https:\/\/online-eingabe.lva24.at\/de\/wp-json\/wp\/v2\/pages\/3364\/revisions"}],"predecessor-version":[{"id":3384,"href":"https:\/\/online-eingabe.lva24.at\/de\/wp-json\/wp\/v2\/pages\/3364\/revisions\/3384"}],"wp:attachment":[{"href":"https:\/\/online-eingabe.lva24.at\/de\/wp-json\/wp\/v2\/media?parent=3364"}],"curies":[{"name":"wp","href":"https:\/\/api.w.org\/{rel}","templated":true}]}}